{"id":6020,"date":"2026-01-07T14:36:40","date_gmt":"2026-01-07T13:36:40","guid":{"rendered":"https:\/\/somayar.ma\/?post_type=product&#038;p=6020"},"modified":"2026-02-23T15:39:08","modified_gmt":"2026-02-23T14:39:08","slug":"hytera-hp785","status":"publish","type":"product","link":"https:\/\/somayar.ma\/en\/product\/hytera-hp785\/","title":{"rendered":"Hytera HP785"},"content":{"rendered":"<div class=\"fusion-fullwidth fullwidth-box fusion-builder-row-1 fusion-flex-container nonhundred-percent-fullwidth non-hundred-percent-height-scrolling\" style=\"--awb-border-radius-top-left:0px;--awb-border-radius-top-right:0px;--awb-border-radius-bottom-right:0px;--awb-border-radius-bottom-left:0px;--awb-flex-wrap:wrap;\" ><div class=\"fusion-builder-row fusion-row fusion-flex-align-items-flex-start fusion-flex-content-wrap\" style=\"max-width:1372.8px;margin-left: calc(-4% \/ 2 );margin-right: calc(-4% \/ 2 );\"><div class=\"fusion-layout-column fusion_builder_column fusion-builder-column-0 fusion_builder_column_1_1 1_1 fusion-flex-column\" style=\"--awb-bg-blend:overlay;--awb-bg-size:cover;--awb-width-large:100%;--awb-margin-top-large:0px;--awb-spacing-right-large:1.92%;--awb-margin-bottom-large:0px;--awb-spacing-left-large:1.92%;--awb-width-medium:100%;--awb-spacing-right-medium:1.92%;--awb-spacing-left-medium:1.92%;--awb-width-small:100%;--awb-order-small:0;--awb-spacing-right-small:1.92%;--awb-spacing-left-small:1.92%;\"><div class=\"fusion-column-wrapper fusion-flex-justify-content-flex-start fusion-content-layout-column\"><div class=\"fusion-text fusion-text-1\"><h3>Key Features<\/h3>\n<\/div><\/div><\/div><div class=\"fusion-layout-column fusion_builder_column fusion-builder-column-1 fusion_builder_column_1_2 1_2 fusion-flex-column\" style=\"--awb-bg-size:cover;--awb-width-large:50%;--awb-margin-top-large:0px;--awb-spacing-right-large:3.84%;--awb-margin-bottom-large:20px;--awb-spacing-left-large:3.84%;--awb-width-medium:50%;--awb-order-medium:0;--awb-spacing-right-medium:3.84%;--awb-spacing-left-medium:3.84%;--awb-width-small:100%;--awb-order-small:1;--awb-spacing-right-small:1.92%;--awb-spacing-left-small:1.92%;\"><div class=\"fusion-column-wrapper fusion-column-has-shadow fusion-flex-justify-content-flex-start fusion-content-layout-column\"><div class=\"fusion-image-element\" style=\"--awb-caption-title-font-family:var(--h2_typography-font-family);--awb-caption-title-font-weight:var(--h2_typography-font-weight);--awb-caption-title-font-style:var(--h2_typography-font-style);--awb-caption-title-size:var(--h2_typography-font-size);--awb-caption-title-transform:var(--h2_typography-text-transform);--awb-caption-title-line-height:var(--h2_typography-line-height);--awb-caption-title-letter-spacing:var(--h2_typography-letter-spacing);\"><span class=\"fusion-imageframe imageframe-none imageframe-1 hover-type-none\"><img decoding=\"async\" width=\"800\" height=\"495\" alt=\"Talkie-walkie Hytera HP785 - Radiocommunication professionnelle au Maroc\" title=\"Hytera HP785 \u2013 Polyvalence et installation flexible\" src=\"https:\/\/somayar.ma\/wp-content\/uploads\/2026\/01\/HP78X_Highlights-1.jpg_n.webp\" class=\"img-responsive wp-image-6027\" srcset=\"https:\/\/somayar.ma\/wp-content\/uploads\/2026\/01\/HP78X_Highlights-1.jpg_n-200x124.webp 200w, https:\/\/somayar.ma\/wp-content\/uploads\/2026\/01\/HP78X_Highlights-1.jpg_n-400x248.webp 400w, https:\/\/somayar.ma\/wp-content\/uploads\/2026\/01\/HP78X_Highlights-1.jpg_n-600x371.webp 600w, https:\/\/somayar.ma\/wp-content\/uploads\/2026\/01\/HP78X_Highlights-1.jpg_n.webp 800w\" sizes=\"(max-width: 850px) 100vw, 800px\" \/><\/span><\/div><\/div><\/div><div class=\"fusion-layout-column fusion_builder_column fusion-builder-column-2 fusion_builder_column_1_2 1_2 fusion-flex-column\" style=\"--awb-bg-size:cover;--awb-width-large:50%;--awb-margin-top-large:0px;--awb-spacing-right-large:3.84%;--awb-margin-bottom-large:20px;--awb-spacing-left-large:3.84%;--awb-width-medium:50%;--awb-order-medium:0;--awb-spacing-right-medium:3.84%;--awb-spacing-left-medium:3.84%;--awb-width-small:100%;--awb-order-small:2;--awb-spacing-right-small:1.92%;--awb-spacing-left-small:1.92%;\"><div class=\"fusion-column-wrapper fusion-column-has-shadow fusion-flex-justify-content-flex-start fusion-content-layout-column\"><div class=\"fusion-text fusion-text-2\"><div class=\"desTitle\">\n<div class=\"desTitle\">\n<h3 data-fontsize=\"36\" style=\"--fontSize: 36; line-height: 1.3; color: var(--awb-color8);\" data-lineheight=\"46.8px\" class=\"fusion-responsive-typography-calculated\">Superior Versatility<\/h3>\n<\/div>\n<div class=\"desDetail\"><span style=\"color: var(--awb-color8);\">Les consoles de commande polyvalentes et les accessoires peuvent \u00eatre install\u00e9s dans divers environnements afin de r\u00e9pondre \u00e0 diff\u00e9rentes exigences d\u2019utilisation. Cette technologie de pointe, issue du <\/span><a href=\"https:\/\/www.hytera.com\/fr\/about-hytera\/hytera-profile.html\" target=\"_blank\" rel=\"noopener noreferrer\" style=\"color: var(--awb-color8);\">profil d&rsquo;innovation d&rsquo;Hytera<\/a><span style=\"color: var(--awb-color8);\">, permet au c\u00e2ble de connexion d&rsquo;atteindre 120 m (personnalis\u00e9).<\/span><\/div>\n<\/div>\n<\/div><\/div><\/div><div class=\"fusion-layout-column fusion_builder_column fusion-builder-column-3 fusion_builder_column_1_2 1_2 fusion-flex-column\" style=\"--awb-bg-size:cover;--awb-width-large:50%;--awb-margin-top-large:0px;--awb-spacing-right-large:3.84%;--awb-margin-bottom-large:20px;--awb-spacing-left-large:3.84%;--awb-width-medium:50%;--awb-order-medium:0;--awb-spacing-right-medium:3.84%;--awb-spacing-left-medium:3.84%;--awb-width-small:100%;--awb-order-small:4;--awb-spacing-right-small:1.92%;--awb-spacing-left-small:1.92%;\"><div class=\"fusion-column-wrapper fusion-column-has-shadow fusion-flex-justify-content-flex-start fusion-content-layout-column\"><div class=\"fusion-text fusion-text-3\"><div class=\"desTitle\">\n<div class=\"desTitle\">\n<h3 data-fontsize=\"36\" style=\"--fontSize: 36; line-height: 1.3; color: var(--awb-color8);\" data-lineheight=\"46.8px\" class=\"fusion-responsive-typography-calculated\">Clearer Audio<\/h3>\n<\/div>\n<div class=\"desDetail\"><span style=\"color: var(--awb-color8);\">Elle adopte une technologie de r\u00e9duction de bruit par IA pour filtrer les bruits de fond (tels qu\u2019un bruit de circulation), \u00e9liminer les \u00e9chos et extraire les voix humaines du bruit. Ce traitement avanc\u00e9 du signal, pilier de la <\/span><a href=\"https:\/\/fr.wikipedia.org\/wiki\/Radiocommunication\" target=\"_blank\" rel=\"noopener noreferrer\" style=\"color: var(--awb-color8);\">radiocommunication moderne<\/a><span style=\"color: var(--awb-color8);\">, r\u00e9duit les bruits stridents et fournit un son plus net et plus clair \u00e0 l\u2019autre partie.<\/span><\/div>\n<\/div>\n<\/div><\/div><\/div><div class=\"fusion-layout-column fusion_builder_column fusion-builder-column-4 fusion_builder_column_1_2 1_2 fusion-flex-column\" style=\"--awb-bg-size:cover;--awb-width-large:50%;--awb-margin-top-large:0px;--awb-spacing-right-large:3.84%;--awb-margin-bottom-large:20px;--awb-spacing-left-large:3.84%;--awb-width-medium:50%;--awb-order-medium:0;--awb-spacing-right-medium:3.84%;--awb-spacing-left-medium:3.84%;--awb-width-small:100%;--awb-order-small:3;--awb-spacing-right-small:1.92%;--awb-spacing-left-small:1.92%;\"><div class=\"fusion-column-wrapper fusion-column-has-shadow fusion-flex-justify-content-flex-start fusion-content-layout-column\"><div class=\"fusion-image-element\" style=\"--awb-caption-title-font-family:var(--h2_typography-font-family);--awb-caption-title-font-weight:var(--h2_typography-font-weight);--awb-caption-title-font-style:var(--h2_typography-font-style);--awb-caption-title-size:var(--h2_typography-font-size);--awb-caption-title-transform:var(--h2_typography-text-transform);--awb-caption-title-line-height:var(--h2_typography-line-height);--awb-caption-title-letter-spacing:var(--h2_typography-letter-spacing);\"><span class=\"fusion-imageframe imageframe-none imageframe-2 hover-type-none\"><img decoding=\"async\" width=\"800\" height=\"495\" alt=\"Radio mobile Hytera HP785 avec r\u00e9duction de bruit par IA pour filtrer les bruits de fond et am\u00e9liorer la clart\u00e9 vocale\" title=\"Hytera HP785 \u2013 Technologie audio IA pour un son clair\" src=\"https:\/\/somayar.ma\/wp-content\/uploads\/2026\/01\/HP78X_Highlights-3.jpg_n.webp\" class=\"img-responsive wp-image-6025\" srcset=\"https:\/\/somayar.ma\/wp-content\/uploads\/2026\/01\/HP78X_Highlights-3.jpg_n-200x124.webp 200w, https:\/\/somayar.ma\/wp-content\/uploads\/2026\/01\/HP78X_Highlights-3.jpg_n-400x248.webp 400w, https:\/\/somayar.ma\/wp-content\/uploads\/2026\/01\/HP78X_Highlights-3.jpg_n-600x371.webp 600w, https:\/\/somayar.ma\/wp-content\/uploads\/2026\/01\/HP78X_Highlights-3.jpg_n.webp 800w\" sizes=\"(max-width: 850px) 100vw, 800px\" \/><\/span><\/div><\/div><\/div><div class=\"fusion-layout-column fusion_builder_column fusion-builder-column-5 fusion_builder_column_1_2 1_2 fusion-flex-column\" style=\"--awb-bg-size:cover;--awb-width-large:50%;--awb-margin-top-large:0px;--awb-spacing-right-large:3.84%;--awb-margin-bottom-large:20px;--awb-spacing-left-large:3.84%;--awb-width-medium:50%;--awb-order-medium:0;--awb-spacing-right-medium:3.84%;--awb-spacing-left-medium:3.84%;--awb-width-small:100%;--awb-order-small:5;--awb-spacing-right-small:1.92%;--awb-spacing-left-small:1.92%;\"><div class=\"fusion-column-wrapper fusion-column-has-shadow fusion-flex-justify-content-flex-start fusion-content-layout-column\"><div class=\"fusion-image-element\" style=\"--awb-caption-title-font-family:var(--h2_typography-font-family);--awb-caption-title-font-weight:var(--h2_typography-font-weight);--awb-caption-title-font-style:var(--h2_typography-font-style);--awb-caption-title-size:var(--h2_typography-font-size);--awb-caption-title-transform:var(--h2_typography-text-transform);--awb-caption-title-line-height:var(--h2_typography-line-height);--awb-caption-title-letter-spacing:var(--h2_typography-letter-spacing);\"><span class=\"fusion-imageframe imageframe-none imageframe-3 hover-type-none\"><img decoding=\"async\" width=\"800\" height=\"495\" alt=\"Radio mobile Hytera HP785 avec sensibilit\u00e9 am\u00e9lior\u00e9e pour une communication fiable en zones \u00e0 faible signal\" title=\"Hytera HP785 \u2013 R\u00e9ception vocale fiable m\u00eame en zones faibles\" src=\"https:\/\/somayar.ma\/wp-content\/uploads\/2026\/01\/HP78X_Highlights-2.jpg_n.webp\" class=\"img-responsive wp-image-6026\" srcset=\"https:\/\/somayar.ma\/wp-content\/uploads\/2026\/01\/HP78X_Highlights-2.jpg_n-200x124.webp 200w, https:\/\/somayar.ma\/wp-content\/uploads\/2026\/01\/HP78X_Highlights-2.jpg_n-400x248.webp 400w, https:\/\/somayar.ma\/wp-content\/uploads\/2026\/01\/HP78X_Highlights-2.jpg_n-600x371.webp 600w, https:\/\/somayar.ma\/wp-content\/uploads\/2026\/01\/HP78X_Highlights-2.jpg_n.webp 800w\" sizes=\"(max-width: 850px) 100vw, 800px\" \/><\/span><\/div><\/div><\/div><div class=\"fusion-layout-column fusion_builder_column fusion-builder-column-6 fusion_builder_column_1_2 1_2 fusion-flex-column\" style=\"--awb-bg-size:cover;--awb-width-large:50%;--awb-margin-top-large:0px;--awb-spacing-right-large:3.84%;--awb-margin-bottom-large:20px;--awb-spacing-left-large:3.84%;--awb-width-medium:50%;--awb-order-medium:0;--awb-spacing-right-medium:3.84%;--awb-spacing-left-medium:3.84%;--awb-width-small:100%;--awb-order-small:6;--awb-spacing-right-small:1.92%;--awb-spacing-left-small:1.92%;\"><div class=\"fusion-column-wrapper fusion-column-has-shadow fusion-flex-justify-content-flex-start fusion-content-layout-column\"><div class=\"fusion-text fusion-text-4\"><div class=\"desTitle\">\n<div class=\"desTitle\">\n<h3 data-fontsize=\"36\" style=\"--fontSize: 36; line-height: 1.3;\" data-lineheight=\"46.8px\" class=\"fusion-responsive-typography-calculated\">Superior Reliability<\/h3>\n<\/div>\n<div class=\"desDetail\">\n<p>En augmentant <span style=\"color: var(--awb-color8);\">la sensibilit\u00e9<\/span> de r\u00e9ception dans les zones \u00e0 faible signal, elle aide les utilisateurs \u00e0 mieux communiquer. Pour garantir une exploitation sans faille sur tout le territoire, l&rsquo;utilisation de ce mat\u00e9riel doit s&rsquo;effectuer en conformit\u00e9 avec les directives de l&rsquo;<span style=\"color: rgb(35, 35, 35);\"><a href=\"https:\/\/anrt.ma\/\" target=\"_blank\" rel=\"noopener noreferrer\">ANRT au Maroc<\/a><\/span>.<\/p>\n<\/div>\n<\/div>\n<\/div><\/div><\/div><\/div><\/div>","protected":false},"excerpt":{"rendered":"<p>Professional Digital DMR Two-Way Radio<\/p>\n<p>Portable Digital DMR Walkie-Talkie<\/p>\n<p>The HP785 is our latest professional digital radio, representing the future of design and functionality while redefining digital radio standards. It delivers more efficient and reliable communications with loud, clear audio, a powerful battery, outstanding portability, and exceptional ruggedness\u2014making it easy to use across a wide range of environments and industries.<\/p>","protected":false},"featured_media":6021,"template":"","meta":[],"product_brand":[187],"product_cat":[292,188],"product_tag":[],"class_list":{"0":"post-6020","1":"product","2":"type-product","3":"status-publish","4":"has-post-thumbnail","6":"product_brand-hytera","7":"product_cat-dmr","8":"product_cat-talkie-walkie","10":"first","11":"instock","12":"taxable","13":"shipping-taxable","14":"product-type-simple"},"yoast_head":"<!-- This site is optimized with the Yoast SEO Premium plugin v26.7 (Yoast SEO v27.5) - https:\/\/yoast.com\/product\/yoast-seo-premium-wordpress\/ -->\n<title>Hytera HP785 | Radio DMR Professionnelle Haut de Gamme<\/title>\n<meta name=\"description\" content=\"Hytera HP785 : radio DMR premium avec \u00e9cran couleur, clavier et antibruit IA. \u00c9tanche IP68 et Bluetooth. Somayar, distributeur officiel Hytera au Maroc !\" \/>\n<meta name=\"robots\" content=\"index, follow, max-snippet:-1, max-image-preview:large, max-video-preview:-1\" \/>\n<link rel=\"canonical\" href=\"https:\/\/somayar.ma\/en\/product\/hytera-hp785\/\" \/>\n<meta property=\"og:locale\" content=\"en_US\" \/>\n<meta property=\"og:type\" content=\"article\" \/>\n<meta property=\"og:title\" content=\"Hytera HP785\" \/>\n<meta property=\"og:description\" content=\"Hytera HP785 : radio DMR premium avec \u00e9cran couleur, clavier et antibruit IA. \u00c9tanche IP68 et Bluetooth. Somayar, distributeur officiel Hytera au Maroc !\" \/>\n<meta property=\"og:url\" content=\"https:\/\/somayar.ma\/en\/product\/hytera-hp785\/\" \/>\n<meta property=\"og:site_name\" content=\"Somayar\" \/>\n<meta property=\"article:publisher\" content=\"https:\/\/www.facebook.com\/SomayarSarl\" \/>\n<meta property=\"article:modified_time\" content=\"2026-02-23T14:39:08+00:00\" \/>\n<meta property=\"og:image\" content=\"https:\/\/somayar.ma\/wp-content\/uploads\/2026\/01\/HP785-1.webp\" \/>\n\t<meta property=\"og:image:width\" content=\"708\" \/>\n\t<meta property=\"og:image:height\" content=\"708\" \/>\n\t<meta property=\"og:image:type\" content=\"image\/webp\" \/>\n<meta name=\"twitter:card\" content=\"summary_large_image\" \/>\n<meta name=\"twitter:label1\" content=\"Price\" \/>\n\t<meta name=\"twitter:data1\" content=\"\" \/>\n\t<meta name=\"twitter:label2\" content=\"Availability\" \/>\n\t<meta name=\"twitter:data2\" content=\"In stock\" \/>\n<script type=\"application\/ld+json\" class=\"yoast-schema-graph\">{\"@context\":\"https:\\\/\\\/schema.org\",\"@graph\":[{\"@type\":\"WebPage\",\"@id\":\"https:\\\/\\\/somayar.ma\\\/produit\\\/hytera-hp785\\\/\",\"url\":\"https:\\\/\\\/somayar.ma\\\/produit\\\/hytera-hp785\\\/\",\"name\":\"Hytera HP785 | Radio DMR Professionnelle Haut de Gamme\",\"isPartOf\":{\"@id\":\"https:\\\/\\\/somayar.ma\\\/#website\"},\"primaryImageOfPage\":{\"@id\":\"https:\\\/\\\/somayar.ma\\\/produit\\\/hytera-hp785\\\/#primaryimage\"},\"image\":{\"@id\":\"https:\\\/\\\/somayar.ma\\\/produit\\\/hytera-hp785\\\/#primaryimage\"},\"thumbnailUrl\":\"https:\\\/\\\/somayar.ma\\\/wp-content\\\/uploads\\\/2026\\\/01\\\/HP785-1.webp\",\"datePublished\":\"2026-01-07T13:36:40+00:00\",\"dateModified\":\"2026-02-23T14:39:08+00:00\",\"description\":\"Hytera HP785 : radio DMR premium avec \u00e9cran couleur, clavier et antibruit IA. \u00c9tanche IP68 et Bluetooth. Somayar, distributeur officiel Hytera au Maroc !\",\"breadcrumb\":{\"@id\":\"https:\\\/\\\/somayar.ma\\\/produit\\\/hytera-hp785\\\/#breadcrumb\"},\"inLanguage\":\"en-US\",\"potentialAction\":[{\"@type\":\"ReadAction\",\"target\":[\"https:\\\/\\\/somayar.ma\\\/produit\\\/hytera-hp785\\\/\"]}]},{\"@type\":\"ImageObject\",\"inLanguage\":\"en-US\",\"@id\":\"https:\\\/\\\/somayar.ma\\\/produit\\\/hytera-hp785\\\/#primaryimage\",\"url\":\"https:\\\/\\\/somayar.ma\\\/wp-content\\\/uploads\\\/2026\\\/01\\\/HP785-1.webp\",\"contentUrl\":\"https:\\\/\\\/somayar.ma\\\/wp-content\\\/uploads\\\/2026\\\/01\\\/HP785-1.webp\",\"width\":708,\"height\":708,\"caption\":\"Hytera HP785 radio DMR portable pour communications fiables et robustes en milieu professionnel\"},{\"@type\":\"BreadcrumbList\",\"@id\":\"https:\\\/\\\/somayar.ma\\\/produit\\\/hytera-hp785\\\/#breadcrumb\",\"itemListElement\":[{\"@type\":\"ListItem\",\"position\":1,\"name\":\"Accueil\",\"item\":\"https:\\\/\\\/somayar.ma\\\/\"},{\"@type\":\"ListItem\",\"position\":2,\"name\":\"hytera\",\"item\":\"https:\\\/\\\/somayar.ma\\\/hytera\\\/\"},{\"@type\":\"ListItem\",\"position\":3,\"name\":\"Talkie-Walkie\",\"item\":\"https:\\\/\\\/somayar.ma\\\/categorie-produit\\\/talkie-walkie\\\/\"},{\"@type\":\"ListItem\",\"position\":4,\"name\":\"Hytera HP785\"}]},{\"@type\":\"WebSite\",\"@id\":\"https:\\\/\\\/somayar.ma\\\/#website\",\"url\":\"https:\\\/\\\/somayar.ma\\\/\",\"name\":\"Somayar\",\"description\":\"Solutions Technologiques au Maroc depuis 1999\",\"publisher\":{\"@id\":\"https:\\\/\\\/somayar.ma\\\/#organization\"},\"alternateName\":\"Somayar Maroc\",\"potentialAction\":[{\"@type\":\"SearchAction\",\"target\":{\"@type\":\"EntryPoint\",\"urlTemplate\":\"https:\\\/\\\/somayar.ma\\\/?s={search_term_string}\"},\"query-input\":{\"@type\":\"PropertyValueSpecification\",\"valueRequired\":true,\"valueName\":\"search_term_string\"}}],\"inLanguage\":\"en-US\"},{\"@type\":\"Organization\",\"@id\":\"https:\\\/\\\/somayar.ma\\\/#organization\",\"name\":\"Somayar\",\"alternateName\":\"Somayar Maroc\",\"url\":\"https:\\\/\\\/somayar.ma\\\/\",\"logo\":{\"@type\":\"ImageObject\",\"inLanguage\":\"en-US\",\"@id\":\"https:\\\/\\\/somayar.ma\\\/#\\\/schema\\\/logo\\\/image\\\/\",\"url\":\"https:\\\/\\\/somayar.ma\\\/wp-content\\\/uploads\\\/2025\\\/10\\\/Logo-Somayar-25.svg\",\"contentUrl\":\"https:\\\/\\\/somayar.ma\\\/wp-content\\\/uploads\\\/2025\\\/10\\\/Logo-Somayar-25.svg\",\"width\":1600,\"height\":714,\"caption\":\"Somayar\"},\"image\":{\"@id\":\"https:\\\/\\\/somayar.ma\\\/#\\\/schema\\\/logo\\\/image\\\/\"},\"sameAs\":[\"https:\\\/\\\/www.facebook.com\\\/SomayarSarl\",\"https:\\\/\\\/fr.linkedin.com\\\/company\\\/somayar\",\"https:\\\/\\\/www.youtube.com\\\/c\\\/SomayarSarl\"],\"description\":\"Fond\u00e9e en 1999 \u00e0 Temara, Somayar est un int\u00e9grateur technologique marocain certifi\u00e9 ISO 9001:2015, sp\u00e9cialis\u00e9 dans cinq domaines d'expertise compl\u00e9mentaires : billettique et SAEIV pour les r\u00e9seaux de transport public, radiocommunication professionnelle Hytera (DMR, TETRA, ATEX, S\u00e9rie S), syst\u00e8mes d'extinction automatique d'incendie Protecfire, g\u00e9olocalisation GPS et gestion de flotte IoT, et billetterie \u00e9v\u00e9nementielle E-Ticket Pro. Distributeur officiel de Hytera, Protecfire et Hanover Display au Maroc, Somayar a livr\u00e9 plus de 500 projets pour des clients publics et priv\u00e9s \u00e0 travers le Royaume.\",\"email\":\"contact@somayar.ma\",\"telephone\":\"+212537749960\",\"legalName\":\"SOMAYAR SARL\",\"foundingDate\":\"1999-01-01\",\"numberOfEmployees\":{\"@type\":\"QuantitativeValue\",\"minValue\":\"11\",\"maxValue\":\"50\"},\"publishingPrinciples\":\"https:\\\/\\\/somayar.ma\\\/\",\"ownershipFundingInfo\":\"https:\\\/\\\/somayar.ma\\\/a-propos\\\/\"}]}<\/script>\n<meta property=\"product:price:currency\" content=\"MAD\" \/>\n<meta property=\"og:availability\" content=\"instock\" \/>\n<meta property=\"product:availability\" content=\"instock\" \/>\n<meta property=\"product:retailer_item_id\" content=\"sm-hy-hp785\" \/>\n<meta property=\"product:condition\" content=\"new\" \/>\n<!-- \/ Yoast SEO Premium plugin. -->","yoast_head_json":{"title":"Hytera HP785 | Radio DMR Professionnelle Haut de Gamme","description":"Hytera HP785 : radio DMR premium avec \u00e9cran couleur, clavier et antibruit IA. \u00c9tanche IP68 et Bluetooth. Somayar, distributeur officiel Hytera au Maroc !","robots":{"index":"index","follow":"follow","max-snippet":"max-snippet:-1","max-image-preview":"max-image-preview:large","max-video-preview":"max-video-preview:-1"},"canonical":"https:\/\/somayar.ma\/en\/product\/hytera-hp785\/","og_locale":"en_US","og_type":"article","og_title":"Hytera HP785","og_description":"Hytera HP785 : radio DMR premium avec \u00e9cran couleur, clavier et antibruit IA. \u00c9tanche IP68 et Bluetooth. Somayar, distributeur officiel Hytera au Maroc !","og_url":"https:\/\/somayar.ma\/en\/product\/hytera-hp785\/","og_site_name":"Somayar","article_publisher":"https:\/\/www.facebook.com\/SomayarSarl","article_modified_time":"2026-02-23T14:39:08+00:00","og_image":[{"width":708,"height":708,"url":"https:\/\/somayar.ma\/wp-content\/uploads\/2026\/01\/HP785-1.webp","type":"image\/webp"}],"twitter_card":"summary_large_image","twitter_misc":{"Price":"","Availability":"In stock"},"schema":{"@context":"https:\/\/schema.org","@graph":[{"@type":"WebPage","@id":"https:\/\/somayar.ma\/produit\/hytera-hp785\/","url":"https:\/\/somayar.ma\/produit\/hytera-hp785\/","name":"Hytera HP785 | Radio DMR Professionnelle Haut de Gamme","isPartOf":{"@id":"https:\/\/somayar.ma\/#website"},"primaryImageOfPage":{"@id":"https:\/\/somayar.ma\/produit\/hytera-hp785\/#primaryimage"},"image":{"@id":"https:\/\/somayar.ma\/produit\/hytera-hp785\/#primaryimage"},"thumbnailUrl":"https:\/\/somayar.ma\/wp-content\/uploads\/2026\/01\/HP785-1.webp","datePublished":"2026-01-07T13:36:40+00:00","dateModified":"2026-02-23T14:39:08+00:00","description":"Hytera HP785 : radio DMR premium avec \u00e9cran couleur, clavier et antibruit IA. \u00c9tanche IP68 et Bluetooth. Somayar, distributeur officiel Hytera au Maroc !","breadcrumb":{"@id":"https:\/\/somayar.ma\/produit\/hytera-hp785\/#breadcrumb"},"inLanguage":"en-US","potentialAction":[{"@type":"ReadAction","target":["https:\/\/somayar.ma\/produit\/hytera-hp785\/"]}]},{"@type":"ImageObject","inLanguage":"en-US","@id":"https:\/\/somayar.ma\/produit\/hytera-hp785\/#primaryimage","url":"https:\/\/somayar.ma\/wp-content\/uploads\/2026\/01\/HP785-1.webp","contentUrl":"https:\/\/somayar.ma\/wp-content\/uploads\/2026\/01\/HP785-1.webp","width":708,"height":708,"caption":"Hytera HP785 radio DMR portable pour communications fiables et robustes en milieu professionnel"},{"@type":"BreadcrumbList","@id":"https:\/\/somayar.ma\/produit\/hytera-hp785\/#breadcrumb","itemListElement":[{"@type":"ListItem","position":1,"name":"Accueil","item":"https:\/\/somayar.ma\/"},{"@type":"ListItem","position":2,"name":"hytera","item":"https:\/\/somayar.ma\/hytera\/"},{"@type":"ListItem","position":3,"name":"Talkie-Walkie","item":"https:\/\/somayar.ma\/categorie-produit\/talkie-walkie\/"},{"@type":"ListItem","position":4,"name":"Hytera HP785"}]},{"@type":"WebSite","@id":"https:\/\/somayar.ma\/#website","url":"https:\/\/somayar.ma\/","name":"Somayar","description":"Solutions Technologiques au Maroc depuis 1999","publisher":{"@id":"https:\/\/somayar.ma\/#organization"},"alternateName":"Somayar Maroc","potentialAction":[{"@type":"SearchAction","target":{"@type":"EntryPoint","urlTemplate":"https:\/\/somayar.ma\/?s={search_term_string}"},"query-input":{"@type":"PropertyValueSpecification","valueRequired":true,"valueName":"search_term_string"}}],"inLanguage":"en-US"},{"@type":"Organization","@id":"https:\/\/somayar.ma\/#organization","name":"Somayar","alternateName":"Somayar Maroc","url":"https:\/\/somayar.ma\/","logo":{"@type":"ImageObject","inLanguage":"en-US","@id":"https:\/\/somayar.ma\/#\/schema\/logo\/image\/","url":"https:\/\/somayar.ma\/wp-content\/uploads\/2025\/10\/Logo-Somayar-25.svg","contentUrl":"https:\/\/somayar.ma\/wp-content\/uploads\/2025\/10\/Logo-Somayar-25.svg","width":1600,"height":714,"caption":"Somayar"},"image":{"@id":"https:\/\/somayar.ma\/#\/schema\/logo\/image\/"},"sameAs":["https:\/\/www.facebook.com\/SomayarSarl","https:\/\/fr.linkedin.com\/company\/somayar","https:\/\/www.youtube.com\/c\/SomayarSarl"],"description":"Fond\u00e9e en 1999 \u00e0 Temara, Somayar est un int\u00e9grateur technologique marocain certifi\u00e9 ISO 9001:2015, sp\u00e9cialis\u00e9 dans cinq domaines d'expertise compl\u00e9mentaires : billettique et SAEIV pour les r\u00e9seaux de transport public, radiocommunication professionnelle Hytera (DMR, TETRA, ATEX, S\u00e9rie S), syst\u00e8mes d'extinction automatique d'incendie Protecfire, g\u00e9olocalisation GPS et gestion de flotte IoT, et billetterie \u00e9v\u00e9nementielle E-Ticket Pro. Distributeur officiel de Hytera, Protecfire et Hanover Display au Maroc, Somayar a livr\u00e9 plus de 500 projets pour des clients publics et priv\u00e9s \u00e0 travers le Royaume.","email":"contact@somayar.ma","telephone":"+212537749960","legalName":"SOMAYAR SARL","foundingDate":"1999-01-01","numberOfEmployees":{"@type":"QuantitativeValue","minValue":"11","maxValue":"50"},"publishingPrinciples":"https:\/\/somayar.ma\/","ownershipFundingInfo":"https:\/\/somayar.ma\/a-propos\/"}]},"product_price_currency":"MAD","og_availability":"instock","product_availability":"instock","product_retailer_item_id":"sm-hy-hp785","product_condition":"new"},"jetpack_sharing_enabled":true,"_links":{"self":[{"href":"https:\/\/somayar.ma\/en\/wp-json\/wp\/v2\/product\/6020","targetHints":{"allow":["GET"]}}],"collection":[{"href":"https:\/\/somayar.ma\/en\/wp-json\/wp\/v2\/product"}],"about":[{"href":"https:\/\/somayar.ma\/en\/wp-json\/wp\/v2\/types\/product"}],"wp:featuredmedia":[{"embeddable":true,"href":"https:\/\/somayar.ma\/en\/wp-json\/wp\/v2\/media\/6021"}],"wp:attachment":[{"href":"https:\/\/somayar.ma\/en\/wp-json\/wp\/v2\/media?parent=6020"}],"wp:term":[{"taxonomy":"product_brand","embeddable":true,"href":"https:\/\/somayar.ma\/en\/wp-json\/wp\/v2\/product_brand?post=6020"},{"taxonomy":"product_cat","embeddable":true,"href":"https:\/\/somayar.ma\/en\/wp-json\/wp\/v2\/product_cat?post=6020"},{"taxonomy":"product_tag","embeddable":true,"href":"https:\/\/somayar.ma\/en\/wp-json\/wp\/v2\/product_tag?post=6020"}],"curies":[{"name":"wp","href":"https:\/\/api.w.org\/{rel}","templated":true}]}}