{"id":5945,"date":"2026-01-06T16:51:29","date_gmt":"2026-01-06T15:51:29","guid":{"rendered":"https:\/\/somayar.ma\/?post_type=product&#038;p=5945"},"modified":"2026-02-23T15:39:08","modified_gmt":"2026-02-23T14:39:08","slug":"hytera-pd405","status":"publish","type":"product","link":"https:\/\/somayar.ma\/en\/product\/hytera-pd405\/","title":{"rendered":"Hytera PD405"},"content":{"rendered":"<div class=\"fusion-fullwidth fullwidth-box fusion-builder-row-1 fusion-flex-container nonhundred-percent-fullwidth non-hundred-percent-height-scrolling\" style=\"--awb-border-radius-top-left:0px;--awb-border-radius-top-right:0px;--awb-border-radius-bottom-right:0px;--awb-border-radius-bottom-left:0px;--awb-flex-wrap:wrap;\" ><div class=\"fusion-builder-row fusion-row fusion-flex-align-items-flex-start fusion-flex-justify-content-center fusion-flex-content-wrap\" style=\"max-width:1372.8px;margin-left: calc(-4% \/ 2 );margin-right: calc(-4% \/ 2 );\"><div class=\"fusion-layout-column fusion_builder_column fusion-builder-column-0 fusion_builder_column_1_1 1_1 fusion-flex-column\" style=\"--awb-bg-blend:overlay;--awb-bg-size:cover;--awb-width-large:100%;--awb-margin-top-large:0px;--awb-spacing-right-large:1.92%;--awb-margin-bottom-large:0px;--awb-spacing-left-large:1.92%;--awb-width-medium:100%;--awb-spacing-right-medium:1.92%;--awb-spacing-left-medium:1.92%;--awb-width-small:100%;--awb-spacing-right-small:1.92%;--awb-spacing-left-small:1.92%;\"><div class=\"fusion-column-wrapper fusion-flex-justify-content-flex-start fusion-content-layout-column\"><div class=\"fusion-text fusion-text-1\" style=\"--awb-content-alignment:center;\"><h3>Key Features<\/h3>\n<\/div><\/div><\/div><div class=\"fusion-layout-column fusion_builder_column fusion-builder-column-1 fusion_builder_column_2_5 2_5 fusion-flex-column\" style=\"--awb-bg-size:cover;--awb-width-large:40%;--awb-margin-top-large:0px;--awb-spacing-right-large:4.8%;--awb-margin-bottom-large:20px;--awb-spacing-left-large:4.8%;--awb-width-medium:40%;--awb-order-medium:0;--awb-spacing-right-medium:4.8%;--awb-spacing-left-medium:4.8%;--awb-width-small:100%;--awb-order-small:0;--awb-spacing-right-small:1.92%;--awb-spacing-left-small:1.92%;\"><div class=\"fusion-column-wrapper fusion-column-has-shadow fusion-flex-justify-content-flex-start fusion-content-layout-column\"><div class=\"fusion-image-element\" style=\"text-align:center;--awb-max-width:60px;--awb-caption-title-font-family:var(--h2_typography-font-family);--awb-caption-title-font-weight:var(--h2_typography-font-weight);--awb-caption-title-font-style:var(--h2_typography-font-style);--awb-caption-title-size:var(--h2_typography-font-size);--awb-caption-title-transform:var(--h2_typography-text-transform);--awb-caption-title-line-height:var(--h2_typography-line-height);--awb-caption-title-letter-spacing:var(--h2_typography-letter-spacing);\"><span class=\"fusion-imageframe imageframe-none imageframe-1 hover-type-none\"><img decoding=\"async\" width=\"795\" height=\"794\" title=\"icon9\" src=\"https:\/\/somayar.ma\/wp-content\/uploads\/2024\/06\/icon9.webp\" alt class=\"img-responsive wp-image-4090\" srcset=\"https:\/\/somayar.ma\/wp-content\/uploads\/2024\/06\/icon9-200x200.webp 200w, https:\/\/somayar.ma\/wp-content\/uploads\/2024\/06\/icon9-400x399.webp 400w, https:\/\/somayar.ma\/wp-content\/uploads\/2024\/06\/icon9-600x599.webp 600w, https:\/\/somayar.ma\/wp-content\/uploads\/2024\/06\/icon9.webp 795w\" sizes=\"(max-width: 850px) 100vw, 600px\" \/><\/span><\/div><div class=\"fusion-text fusion-text-2\" style=\"--awb-content-alignment:center;\"><div class=\"desTitle\">\n<div class=\"desTitle\">\n<h3 data-fontsize=\"36\" style=\"--fontSize: 36; line-height: 1.3;\" data-lineheight=\"46.8px\" class=\"fusion-responsive-typography-calculated\">High-Quality Audio<\/h3>\n<\/div>\n<div class=\"desDetail\">Le PD405 offre un son clair et puissant, m\u00eame dans un environnement tr\u00e8s bruyant. Cette performance audio est une caract\u00e9ristique cl\u00e9 des solutions de <a href=\"https:\/\/fr.wikipedia.org\/wiki\/Radiocommunication\" target=\"_blank\" rel=\"noopener noreferrer\">radiocommunication<\/a> professionnelle pour garantir la transmission des messages critiques.<\/div>\n<\/div>\n<div><\/div>\n<\/div><\/div><\/div><div class=\"fusion-layout-column fusion_builder_column fusion-builder-column-2 fusion_builder_column_2_5 2_5 fusion-flex-column\" style=\"--awb-bg-size:cover;--awb-width-large:40%;--awb-margin-top-large:0px;--awb-spacing-right-large:4.8%;--awb-margin-bottom-large:20px;--awb-spacing-left-large:4.8%;--awb-width-medium:40%;--awb-order-medium:0;--awb-spacing-right-medium:4.8%;--awb-spacing-left-medium:4.8%;--awb-width-small:100%;--awb-order-small:0;--awb-spacing-right-small:1.92%;--awb-spacing-left-small:1.92%;\"><div class=\"fusion-column-wrapper fusion-column-has-shadow fusion-flex-justify-content-flex-start fusion-content-layout-column\"><div class=\"fusion-image-element\" style=\"text-align:center;--awb-max-width:60px;--awb-caption-title-font-family:var(--h2_typography-font-family);--awb-caption-title-font-weight:var(--h2_typography-font-weight);--awb-caption-title-font-style:var(--h2_typography-font-style);--awb-caption-title-size:var(--h2_typography-font-size);--awb-caption-title-transform:var(--h2_typography-text-transform);--awb-caption-title-line-height:var(--h2_typography-line-height);--awb-caption-title-letter-spacing:var(--h2_typography-letter-spacing);\"><span class=\"fusion-imageframe imageframe-none imageframe-2 hover-type-none\"><img decoding=\"async\" width=\"794\" height=\"795\" title=\"icon7\" src=\"https:\/\/somayar.ma\/wp-content\/uploads\/2024\/06\/icon7.webp\" alt class=\"img-responsive wp-image-4066\" srcset=\"https:\/\/somayar.ma\/wp-content\/uploads\/2024\/06\/icon7-200x200.webp 200w, https:\/\/somayar.ma\/wp-content\/uploads\/2024\/06\/icon7-400x401.webp 400w, https:\/\/somayar.ma\/wp-content\/uploads\/2024\/06\/icon7-600x601.webp 600w, https:\/\/somayar.ma\/wp-content\/uploads\/2024\/06\/icon7.webp 794w\" sizes=\"(max-width: 850px) 100vw, 600px\" \/><\/span><\/div><div class=\"fusion-text fusion-text-3\" style=\"--awb-content-alignment:center;\"><div class=\"desTitle\">\n<div class=\"desTitle\">\n<h3 data-fontsize=\"36\" style=\"--fontSize: 36; line-height: 1.3;\" data-lineheight=\"46.8px\" class=\"fusion-responsive-typography-calculated\">Longer Battery Life<\/h3>\n<\/div>\n<div class=\"desDetail\">La puissante batterie de 1.500 mAh garantit jusqu\u2019\u00e0 16 heures de fonctionnement en mode num\u00e9rique. Cette efficacit\u00e9 \u00e9nerg\u00e9tique est issue de la technologie propri\u00e9taire d\u00e9velopp\u00e9e par <a href=\"https:\/\/www.hytera.com\/fr\" target=\"_blank\" rel=\"noopener noreferrer\">Hytera<\/a> pour accompagner les professionnels sur de longues dur\u00e9es.<\/div>\n<\/div>\n<\/div><\/div><\/div><div class=\"fusion-layout-column fusion_builder_column fusion-builder-column-3 fusion_builder_column_2_5 2_5 fusion-flex-column\" style=\"--awb-bg-size:cover;--awb-width-large:40%;--awb-margin-top-large:0px;--awb-spacing-right-large:4.8%;--awb-margin-bottom-large:20px;--awb-spacing-left-large:4.8%;--awb-width-medium:40%;--awb-order-medium:0;--awb-spacing-right-medium:4.8%;--awb-spacing-left-medium:4.8%;--awb-width-small:100%;--awb-order-small:0;--awb-spacing-right-small:1.92%;--awb-spacing-left-small:1.92%;\"><div class=\"fusion-column-wrapper fusion-column-has-shadow fusion-flex-justify-content-flex-start fusion-content-layout-column\"><div class=\"fusion-image-element\" style=\"text-align:center;--awb-max-width:60px;--awb-caption-title-font-family:var(--h2_typography-font-family);--awb-caption-title-font-weight:var(--h2_typography-font-weight);--awb-caption-title-font-style:var(--h2_typography-font-style);--awb-caption-title-size:var(--h2_typography-font-size);--awb-caption-title-transform:var(--h2_typography-text-transform);--awb-caption-title-line-height:var(--h2_typography-line-height);--awb-caption-title-letter-spacing:var(--h2_typography-letter-spacing);\"><span class=\"fusion-imageframe imageframe-none imageframe-3 hover-type-none\"><img decoding=\"async\" width=\"795\" height=\"794\" title=\"icon11\" src=\"https:\/\/somayar.ma\/wp-content\/uploads\/2024\/06\/icon11.webp\" alt class=\"img-responsive wp-image-4081\" srcset=\"https:\/\/somayar.ma\/wp-content\/uploads\/2024\/06\/icon11-200x200.webp 200w, https:\/\/somayar.ma\/wp-content\/uploads\/2024\/06\/icon11-400x399.webp 400w, https:\/\/somayar.ma\/wp-content\/uploads\/2024\/06\/icon11-600x599.webp 600w, https:\/\/somayar.ma\/wp-content\/uploads\/2024\/06\/icon11.webp 795w\" sizes=\"(max-width: 850px) 100vw, 600px\" \/><\/span><\/div><div class=\"fusion-text fusion-text-4\" style=\"--awb-content-alignment:center;\"><div class=\"desTitle\">\n<div class=\"desTitle\">\n<h3 data-fontsize=\"36\" style=\"--fontSize: 36; line-height: 1.3;\" data-lineheight=\"46.8px\" class=\"fusion-responsive-typography-calculated\">Rugged and Durable<\/h3>\n<\/div>\n<div class=\"desDetail\">Certifi\u00e9e IP55 et MIL-STD-810G, cette radio est con\u00e7ue pour r\u00e9sister \u00e0 la poussi\u00e8re, aux projections d&rsquo;eau et aux conditions de travail difficiles sur le terrain.<\/div>\n<\/div>\n<\/div><\/div><\/div><div class=\"fusion-layout-column fusion_builder_column fusion-builder-column-4 fusion_builder_column_2_5 2_5 fusion-flex-column\" style=\"--awb-bg-size:cover;--awb-width-large:40%;--awb-margin-top-large:0px;--awb-spacing-right-large:4.8%;--awb-margin-bottom-large:20px;--awb-spacing-left-large:4.8%;--awb-width-medium:40%;--awb-order-medium:0;--awb-spacing-right-medium:4.8%;--awb-spacing-left-medium:4.8%;--awb-width-small:100%;--awb-order-small:0;--awb-spacing-right-small:1.92%;--awb-spacing-left-small:1.92%;\"><div class=\"fusion-column-wrapper fusion-column-has-shadow fusion-flex-justify-content-flex-start fusion-content-layout-column\"><div class=\"fusion-image-element\" style=\"text-align:center;--awb-max-width:60px;--awb-caption-title-font-family:var(--h2_typography-font-family);--awb-caption-title-font-weight:var(--h2_typography-font-weight);--awb-caption-title-font-style:var(--h2_typography-font-style);--awb-caption-title-size:var(--h2_typography-font-size);--awb-caption-title-transform:var(--h2_typography-text-transform);--awb-caption-title-line-height:var(--h2_typography-line-height);--awb-caption-title-letter-spacing:var(--h2_typography-letter-spacing);\"><span class=\"fusion-imageframe imageframe-none imageframe-4 hover-type-none\"><img decoding=\"async\" width=\"794\" height=\"794\" title=\"icon15\" src=\"https:\/\/somayar.ma\/wp-content\/uploads\/2024\/06\/icon15.webp\" alt class=\"img-responsive wp-image-4084\" srcset=\"https:\/\/somayar.ma\/wp-content\/uploads\/2024\/06\/icon15-200x200.webp 200w, https:\/\/somayar.ma\/wp-content\/uploads\/2024\/06\/icon15-400x400.webp 400w, https:\/\/somayar.ma\/wp-content\/uploads\/2024\/06\/icon15-600x600.webp 600w, https:\/\/somayar.ma\/wp-content\/uploads\/2024\/06\/icon15.webp 794w\" sizes=\"(max-width: 850px) 100vw, 600px\" \/><\/span><\/div><div class=\"fusion-text fusion-text-5\" style=\"--awb-content-alignment:center;\"><div class=\"desTitle\">\n<div class=\"desTitle\">\n<h3 data-fontsize=\"36\" style=\"--fontSize: 36; line-height: 1.3;\" data-lineheight=\"46.8px\" class=\"fusion-responsive-typography-calculated\">Analog Compatibility<\/h3>\n<\/div>\n<div class=\"desDetail\">LLa PD405 prend en charge les modes analogique et num\u00e9rique, ce qui permet une migration vers le num\u00e9rique \u00e0 votre rythme et selon votre budget. Pour assurer une transition fluide et l\u00e9gale de vos parcs radios, l&rsquo;utilisation des fr\u00e9quences doit \u00eatre valid\u00e9e en conformit\u00e9 avec les directives de l&rsquo;<a href=\"https:\/\/anrt.ma\/\" target=\"_blank\" rel=\"noopener noreferrer\">ANRT<\/a> au Maroc.<\/div>\n<\/div>\n<\/div><\/div><\/div><\/div><\/div>","protected":false},"excerpt":{"rendered":"<h2 style=\"font-size: 30px; line-height: 40px; letter-spacing: 0px; margin-bottom: 10px;\" data-fusion-font=\"true\">Professional Digital DMR Two-Way Radio<\/h2>\n<p data-start=\"186\" data-end=\"218\"><b>Portable Digital DMR Walkie-Talkie<\/b><\/p>\n<p data-start=\"130\" data-end=\"443\">Rugged and reliable, the PD405 digital radio offers a simple communication solution, ideal for use in manufacturing, facilities management, and education.<\/p>","protected":false},"featured_media":5940,"template":"","meta":[],"product_brand":[187],"product_cat":[292,188],"product_tag":[],"class_list":{"0":"post-5945","1":"product","2":"type-product","3":"status-publish","4":"has-post-thumbnail","6":"product_brand-hytera","7":"product_cat-dmr","8":"product_cat-talkie-walkie","10":"first","11":"instock","12":"taxable","13":"shipping-taxable","14":"product-type-simple"},"yoast_head":"<!-- This site is optimized with the Yoast SEO Premium plugin v26.7 (Yoast SEO v27.4) - https:\/\/yoast.com\/product\/yoast-seo-premium-wordpress\/ -->\n<title>Hytera PD405 | Talkie-walkie DMR Professionnel - Somayar<\/title>\n<meta name=\"description\" content=\"Hytera PD405 : radio DMR robuste et performante. Mode mixte analogique\/num\u00e9rique et batterie longue dur\u00e9e. En stock chez Somayar, distributeur officiel !\" \/>\n<meta name=\"robots\" content=\"index, follow, max-snippet:-1, max-image-preview:large, max-video-preview:-1\" \/>\n<link rel=\"canonical\" href=\"https:\/\/somayar.ma\/en\/product\/hytera-pd405\/\" \/>\n<meta property=\"og:locale\" content=\"en_US\" \/>\n<meta property=\"og:type\" content=\"article\" \/>\n<meta property=\"og:title\" content=\"Hytera PD405\" \/>\n<meta property=\"og:description\" content=\"Hytera PD405 : radio DMR robuste et performante. Mode mixte analogique\/num\u00e9rique et batterie longue dur\u00e9e. En stock chez Somayar, distributeur officiel !\" \/>\n<meta property=\"og:url\" content=\"https:\/\/somayar.ma\/en\/product\/hytera-pd405\/\" \/>\n<meta property=\"og:site_name\" content=\"Somayar\" \/>\n<meta property=\"article:publisher\" content=\"https:\/\/www.facebook.com\/SomayarSarl\" \/>\n<meta property=\"article:modified_time\" content=\"2026-02-23T14:39:08+00:00\" \/>\n<meta property=\"og:image\" content=\"https:\/\/somayar.ma\/wp-content\/uploads\/2026\/01\/PD48X-1.webp\" \/>\n\t<meta property=\"og:image:width\" content=\"500\" \/>\n\t<meta property=\"og:image:height\" content=\"500\" \/>\n\t<meta property=\"og:image:type\" content=\"image\/webp\" \/>\n<meta name=\"twitter:card\" content=\"summary_large_image\" \/>\n<meta name=\"twitter:label1\" content=\"Price\" \/>\n\t<meta name=\"twitter:data1\" content=\"\" \/>\n\t<meta name=\"twitter:label2\" content=\"Availability\" \/>\n\t<meta name=\"twitter:data2\" content=\"In stock\" \/>\n<script type=\"application\/ld+json\" class=\"yoast-schema-graph\">{\"@context\":\"https:\\\/\\\/schema.org\",\"@graph\":[{\"@type\":\"WebPage\",\"@id\":\"https:\\\/\\\/somayar.ma\\\/produit\\\/hytera-pd405\\\/\",\"url\":\"https:\\\/\\\/somayar.ma\\\/produit\\\/hytera-pd405\\\/\",\"name\":\"Hytera PD405 | Talkie-walkie DMR Professionnel - Somayar\",\"isPartOf\":{\"@id\":\"https:\\\/\\\/somayar.ma\\\/#website\"},\"primaryImageOfPage\":{\"@id\":\"https:\\\/\\\/somayar.ma\\\/produit\\\/hytera-pd405\\\/#primaryimage\"},\"image\":{\"@id\":\"https:\\\/\\\/somayar.ma\\\/produit\\\/hytera-pd405\\\/#primaryimage\"},\"thumbnailUrl\":\"https:\\\/\\\/somayar.ma\\\/wp-content\\\/uploads\\\/2026\\\/01\\\/PD48X-1.webp\",\"datePublished\":\"2026-01-06T15:51:29+00:00\",\"dateModified\":\"2026-02-23T14:39:08+00:00\",\"description\":\"Hytera PD405 : radio DMR robuste et performante. Mode mixte analogique\\\/num\u00e9rique et batterie longue dur\u00e9e. En stock chez Somayar, distributeur officiel !\",\"breadcrumb\":{\"@id\":\"https:\\\/\\\/somayar.ma\\\/produit\\\/hytera-pd405\\\/#breadcrumb\"},\"inLanguage\":\"en-US\",\"potentialAction\":[{\"@type\":\"ReadAction\",\"target\":[\"https:\\\/\\\/somayar.ma\\\/produit\\\/hytera-pd405\\\/\"]}]},{\"@type\":\"ImageObject\",\"inLanguage\":\"en-US\",\"@id\":\"https:\\\/\\\/somayar.ma\\\/produit\\\/hytera-pd405\\\/#primaryimage\",\"url\":\"https:\\\/\\\/somayar.ma\\\/wp-content\\\/uploads\\\/2026\\\/01\\\/PD48X-1.webp\",\"contentUrl\":\"https:\\\/\\\/somayar.ma\\\/wp-content\\\/uploads\\\/2026\\\/01\\\/PD48X-1.webp\",\"width\":500,\"height\":500,\"caption\":\"Radio portable Hytera PD485 DMR avec GPS, offrant audio clair et fiable pour usage professionnel\"},{\"@type\":\"BreadcrumbList\",\"@id\":\"https:\\\/\\\/somayar.ma\\\/produit\\\/hytera-pd405\\\/#breadcrumb\",\"itemListElement\":[{\"@type\":\"ListItem\",\"position\":1,\"name\":\"Accueil\",\"item\":\"https:\\\/\\\/somayar.ma\\\/\"},{\"@type\":\"ListItem\",\"position\":2,\"name\":\"hytera\",\"item\":\"https:\\\/\\\/somayar.ma\\\/hytera\\\/\"},{\"@type\":\"ListItem\",\"position\":3,\"name\":\"Talkie-Walkie\",\"item\":\"https:\\\/\\\/somayar.ma\\\/categorie-produit\\\/talkie-walkie\\\/\"},{\"@type\":\"ListItem\",\"position\":4,\"name\":\"Hytera PD405\"}]},{\"@type\":\"WebSite\",\"@id\":\"https:\\\/\\\/somayar.ma\\\/#website\",\"url\":\"https:\\\/\\\/somayar.ma\\\/\",\"name\":\"Excellence en billettique et syst\u00e8mes de t\u00e9l\u00e9communication\",\"description\":\"\",\"publisher\":{\"@id\":\"https:\\\/\\\/somayar.ma\\\/#organization\"},\"potentialAction\":[{\"@type\":\"SearchAction\",\"target\":{\"@type\":\"EntryPoint\",\"urlTemplate\":\"https:\\\/\\\/somayar.ma\\\/?s={search_term_string}\"},\"query-input\":{\"@type\":\"PropertyValueSpecification\",\"valueRequired\":true,\"valueName\":\"search_term_string\"}}],\"inLanguage\":\"en-US\"},{\"@type\":\"Organization\",\"@id\":\"https:\\\/\\\/somayar.ma\\\/#organization\",\"name\":\"Somayar\",\"url\":\"https:\\\/\\\/somayar.ma\\\/\",\"logo\":{\"@type\":\"ImageObject\",\"inLanguage\":\"en-US\",\"@id\":\"https:\\\/\\\/somayar.ma\\\/#\\\/schema\\\/logo\\\/image\\\/\",\"url\":\"https:\\\/\\\/somayar.ma\\\/wp-content\\\/uploads\\\/2024\\\/05\\\/unnamed-529.webp\",\"contentUrl\":\"https:\\\/\\\/somayar.ma\\\/wp-content\\\/uploads\\\/2024\\\/05\\\/unnamed-529.webp\",\"width\":529,\"height\":236,\"caption\":\"Somayar\"},\"image\":{\"@id\":\"https:\\\/\\\/somayar.ma\\\/#\\\/schema\\\/logo\\\/image\\\/\"},\"sameAs\":[\"https:\\\/\\\/www.facebook.com\\\/SomayarSarl\",\"https:\\\/\\\/fr.linkedin.com\\\/company\\\/somayar\",\"https:\\\/\\\/www.youtube.com\\\/c\\\/SomayarSarl\"],\"description\":\"Somayar.ma est une entreprise sp\u00e9cialis\u00e9e dans les solutions innovantes pour le b\u00e2timent intelligent, la billetterie \u00e9v\u00e9nementielle, l'extinction automatique, la radio t\u00e9l\u00e9communication, et le suivi par GPS gr\u00e2ce \u00e0 des technologies IoT avanc\u00e9es\",\"email\":\"contact@somayar.ma\",\"telephone\":\"+212537749960\",\"foundingDate\":\"1999-01-01\",\"numberOfEmployees\":{\"@type\":\"QuantitativeValue\",\"minValue\":\"11\",\"maxValue\":\"50\"}}]}<\/script>\n<meta property=\"product:price:currency\" content=\"MAD\" \/>\n<meta property=\"og:availability\" content=\"instock\" \/>\n<meta property=\"product:availability\" content=\"instock\" \/>\n<meta property=\"product:retailer_item_id\" content=\"sm-hy-pd405\" \/>\n<meta property=\"product:condition\" content=\"new\" \/>\n<!-- \/ Yoast SEO Premium plugin. -->","yoast_head_json":{"title":"Hytera PD405 | Talkie-walkie DMR Professionnel - Somayar","description":"Hytera PD405 : radio DMR robuste et performante. Mode mixte analogique\/num\u00e9rique et batterie longue dur\u00e9e. En stock chez Somayar, distributeur officiel !","robots":{"index":"index","follow":"follow","max-snippet":"max-snippet:-1","max-image-preview":"max-image-preview:large","max-video-preview":"max-video-preview:-1"},"canonical":"https:\/\/somayar.ma\/en\/product\/hytera-pd405\/","og_locale":"en_US","og_type":"article","og_title":"Hytera PD405","og_description":"Hytera PD405 : radio DMR robuste et performante. Mode mixte analogique\/num\u00e9rique et batterie longue dur\u00e9e. En stock chez Somayar, distributeur officiel !","og_url":"https:\/\/somayar.ma\/en\/product\/hytera-pd405\/","og_site_name":"Somayar","article_publisher":"https:\/\/www.facebook.com\/SomayarSarl","article_modified_time":"2026-02-23T14:39:08+00:00","og_image":[{"width":500,"height":500,"url":"https:\/\/somayar.ma\/wp-content\/uploads\/2026\/01\/PD48X-1.webp","type":"image\/webp"}],"twitter_card":"summary_large_image","twitter_misc":{"Price":"","Availability":"In stock"},"schema":{"@context":"https:\/\/schema.org","@graph":[{"@type":"WebPage","@id":"https:\/\/somayar.ma\/produit\/hytera-pd405\/","url":"https:\/\/somayar.ma\/produit\/hytera-pd405\/","name":"Hytera PD405 | Talkie-walkie DMR Professionnel - Somayar","isPartOf":{"@id":"https:\/\/somayar.ma\/#website"},"primaryImageOfPage":{"@id":"https:\/\/somayar.ma\/produit\/hytera-pd405\/#primaryimage"},"image":{"@id":"https:\/\/somayar.ma\/produit\/hytera-pd405\/#primaryimage"},"thumbnailUrl":"https:\/\/somayar.ma\/wp-content\/uploads\/2026\/01\/PD48X-1.webp","datePublished":"2026-01-06T15:51:29+00:00","dateModified":"2026-02-23T14:39:08+00:00","description":"Hytera PD405 : radio DMR robuste et performante. Mode mixte analogique\/num\u00e9rique et batterie longue dur\u00e9e. En stock chez Somayar, distributeur officiel !","breadcrumb":{"@id":"https:\/\/somayar.ma\/produit\/hytera-pd405\/#breadcrumb"},"inLanguage":"en-US","potentialAction":[{"@type":"ReadAction","target":["https:\/\/somayar.ma\/produit\/hytera-pd405\/"]}]},{"@type":"ImageObject","inLanguage":"en-US","@id":"https:\/\/somayar.ma\/produit\/hytera-pd405\/#primaryimage","url":"https:\/\/somayar.ma\/wp-content\/uploads\/2026\/01\/PD48X-1.webp","contentUrl":"https:\/\/somayar.ma\/wp-content\/uploads\/2026\/01\/PD48X-1.webp","width":500,"height":500,"caption":"Radio portable Hytera PD485 DMR avec GPS, offrant audio clair et fiable pour usage professionnel"},{"@type":"BreadcrumbList","@id":"https:\/\/somayar.ma\/produit\/hytera-pd405\/#breadcrumb","itemListElement":[{"@type":"ListItem","position":1,"name":"Accueil","item":"https:\/\/somayar.ma\/"},{"@type":"ListItem","position":2,"name":"hytera","item":"https:\/\/somayar.ma\/hytera\/"},{"@type":"ListItem","position":3,"name":"Talkie-Walkie","item":"https:\/\/somayar.ma\/categorie-produit\/talkie-walkie\/"},{"@type":"ListItem","position":4,"name":"Hytera PD405"}]},{"@type":"WebSite","@id":"https:\/\/somayar.ma\/#website","url":"https:\/\/somayar.ma\/","name":"Excellence en billettique et syst\u00e8mes de t\u00e9l\u00e9communication","description":"","publisher":{"@id":"https:\/\/somayar.ma\/#organization"},"potentialAction":[{"@type":"SearchAction","target":{"@type":"EntryPoint","urlTemplate":"https:\/\/somayar.ma\/?s={search_term_string}"},"query-input":{"@type":"PropertyValueSpecification","valueRequired":true,"valueName":"search_term_string"}}],"inLanguage":"en-US"},{"@type":"Organization","@id":"https:\/\/somayar.ma\/#organization","name":"Somayar","url":"https:\/\/somayar.ma\/","logo":{"@type":"ImageObject","inLanguage":"en-US","@id":"https:\/\/somayar.ma\/#\/schema\/logo\/image\/","url":"https:\/\/somayar.ma\/wp-content\/uploads\/2024\/05\/unnamed-529.webp","contentUrl":"https:\/\/somayar.ma\/wp-content\/uploads\/2024\/05\/unnamed-529.webp","width":529,"height":236,"caption":"Somayar"},"image":{"@id":"https:\/\/somayar.ma\/#\/schema\/logo\/image\/"},"sameAs":["https:\/\/www.facebook.com\/SomayarSarl","https:\/\/fr.linkedin.com\/company\/somayar","https:\/\/www.youtube.com\/c\/SomayarSarl"],"description":"Somayar.ma est une entreprise sp\u00e9cialis\u00e9e dans les solutions innovantes pour le b\u00e2timent intelligent, la billetterie \u00e9v\u00e9nementielle, l'extinction automatique, la radio t\u00e9l\u00e9communication, et le suivi par GPS gr\u00e2ce \u00e0 des technologies IoT avanc\u00e9es","email":"contact@somayar.ma","telephone":"+212537749960","foundingDate":"1999-01-01","numberOfEmployees":{"@type":"QuantitativeValue","minValue":"11","maxValue":"50"}}]},"product_price_currency":"MAD","og_availability":"instock","product_availability":"instock","product_retailer_item_id":"sm-hy-pd405","product_condition":"new"},"jetpack_sharing_enabled":true,"_links":{"self":[{"href":"https:\/\/somayar.ma\/en\/wp-json\/wp\/v2\/product\/5945","targetHints":{"allow":["GET"]}}],"collection":[{"href":"https:\/\/somayar.ma\/en\/wp-json\/wp\/v2\/product"}],"about":[{"href":"https:\/\/somayar.ma\/en\/wp-json\/wp\/v2\/types\/product"}],"wp:featuredmedia":[{"embeddable":true,"href":"https:\/\/somayar.ma\/en\/wp-json\/wp\/v2\/media\/5940"}],"wp:attachment":[{"href":"https:\/\/somayar.ma\/en\/wp-json\/wp\/v2\/media?parent=5945"}],"wp:term":[{"taxonomy":"product_brand","embeddable":true,"href":"https:\/\/somayar.ma\/en\/wp-json\/wp\/v2\/product_brand?post=5945"},{"taxonomy":"product_cat","embeddable":true,"href":"https:\/\/somayar.ma\/en\/wp-json\/wp\/v2\/product_cat?post=5945"},{"taxonomy":"product_tag","embeddable":true,"href":"https:\/\/somayar.ma\/en\/wp-json\/wp\/v2\/product_tag?post=5945"}],"curies":[{"name":"wp","href":"https:\/\/api.w.org\/{rel}","templated":true}]}}