{"id":5939,"date":"2026-01-06T15:09:45","date_gmt":"2026-01-06T14:09:45","guid":{"rendered":"https:\/\/somayar.ma\/?post_type=product&#038;p=5939"},"modified":"2026-02-23T15:39:08","modified_gmt":"2026-02-23T14:39:08","slug":"hytera-pd485","status":"publish","type":"product","link":"https:\/\/somayar.ma\/en\/product\/hytera-pd485\/","title":{"rendered":"Hytera PD485"},"content":{"rendered":"<div class=\"fusion-fullwidth fullwidth-box fusion-builder-row-1 fusion-flex-container nonhundred-percent-fullwidth non-hundred-percent-height-scrolling\" style=\"--awb-border-radius-top-left:0px;--awb-border-radius-top-right:0px;--awb-border-radius-bottom-right:0px;--awb-border-radius-bottom-left:0px;--awb-flex-wrap:wrap;\" ><div class=\"fusion-builder-row fusion-row fusion-flex-align-items-flex-start fusion-flex-justify-content-center fusion-flex-content-wrap\" style=\"max-width:1372.8px;margin-left: calc(-4% \/ 2 );margin-right: calc(-4% \/ 2 );\"><div class=\"fusion-layout-column fusion_builder_column fusion-builder-column-0 fusion_builder_column_1_1 1_1 fusion-flex-column\" style=\"--awb-bg-blend:overlay;--awb-bg-size:cover;--awb-width-large:100%;--awb-margin-top-large:0px;--awb-spacing-right-large:1.92%;--awb-margin-bottom-large:0px;--awb-spacing-left-large:1.92%;--awb-width-medium:100%;--awb-spacing-right-medium:1.92%;--awb-spacing-left-medium:1.92%;--awb-width-small:100%;--awb-spacing-right-small:1.92%;--awb-spacing-left-small:1.92%;\"><div class=\"fusion-column-wrapper fusion-flex-justify-content-flex-start fusion-content-layout-column\"><div class=\"fusion-text fusion-text-1\" style=\"--awb-content-alignment:center;\"><h3>Key Features<\/h3>\n<\/div><\/div><\/div><div class=\"fusion-layout-column fusion_builder_column fusion-builder-column-1 fusion_builder_column_1_3 1_3 fusion-flex-column\" style=\"--awb-bg-size:cover;--awb-width-large:33.333333333333%;--awb-margin-top-large:0px;--awb-spacing-right-large:5.76%;--awb-margin-bottom-large:20px;--awb-spacing-left-large:5.76%;--awb-width-medium:33.333333333333%;--awb-order-medium:0;--awb-spacing-right-medium:5.76%;--awb-spacing-left-medium:5.76%;--awb-width-small:100%;--awb-order-small:0;--awb-spacing-right-small:1.92%;--awb-spacing-left-small:1.92%;\"><div class=\"fusion-column-wrapper fusion-column-has-shadow fusion-flex-justify-content-flex-start fusion-content-layout-column\"><div class=\"fusion-image-element\" style=\"text-align:center;--awb-max-width:60px;--awb-caption-title-font-family:var(--h2_typography-font-family);--awb-caption-title-font-weight:var(--h2_typography-font-weight);--awb-caption-title-font-style:var(--h2_typography-font-style);--awb-caption-title-size:var(--h2_typography-font-size);--awb-caption-title-transform:var(--h2_typography-text-transform);--awb-caption-title-line-height:var(--h2_typography-line-height);--awb-caption-title-letter-spacing:var(--h2_typography-letter-spacing);\"><span class=\"fusion-imageframe imageframe-none imageframe-1 hover-type-none\"><img decoding=\"async\" width=\"795\" height=\"794\" alt=\"Icone suppression du bruit IA\" title=\"icon9\" src=\"https:\/\/somayar.ma\/wp-content\/uploads\/2024\/06\/icon9.webp\" class=\"img-responsive wp-image-4090\" srcset=\"https:\/\/somayar.ma\/wp-content\/uploads\/2024\/06\/icon9-200x200.webp 200w, https:\/\/somayar.ma\/wp-content\/uploads\/2024\/06\/icon9-400x399.webp 400w, https:\/\/somayar.ma\/wp-content\/uploads\/2024\/06\/icon9-600x599.webp 600w, https:\/\/somayar.ma\/wp-content\/uploads\/2024\/06\/icon9.webp 795w\" sizes=\"(max-width: 850px) 100vw, 400px\" \/><\/span><\/div><div class=\"fusion-text fusion-text-2\" style=\"--awb-content-alignment:center;\"><div class=\"desTitle\">\n<div class=\"desTitle\">\n<h3 class=\"\" style=\"--fontsize: 36; line-height: 1.3;\" data-fontsize=\"36\" data-lineheight=\"46.8px\">Clear Audio<\/h3>\n<\/div>\n<div class=\"desDetail\">Le PD485 fournit un son puissant et parfaitement clair, m\u00eame dans des environnements tr\u00e8s bruyants. Cette clart\u00e9 est essentielle pour garantir l&rsquo;efficacit\u00e9 des r\u00e9seaux de <a href=\"https:\/\/fr.wikipedia.org\/wiki\/Radiocommunication\" target=\"_blank\" rel=\"noopener noreferrer\">radiocommunication<\/a> au sein des \u00e9quipes op\u00e9rationnelles.<\/div>\n<\/div>\n<div><\/div>\n<\/div><\/div><\/div><div class=\"fusion-layout-column fusion_builder_column fusion-builder-column-2 fusion_builder_column_1_3 1_3 fusion-flex-column\" style=\"--awb-bg-size:cover;--awb-width-large:33.333333333333%;--awb-margin-top-large:0px;--awb-spacing-right-large:5.76%;--awb-margin-bottom-large:20px;--awb-spacing-left-large:5.76%;--awb-width-medium:33.333333333333%;--awb-order-medium:0;--awb-spacing-right-medium:5.76%;--awb-spacing-left-medium:5.76%;--awb-width-small:100%;--awb-order-small:0;--awb-spacing-right-small:1.92%;--awb-spacing-left-small:1.92%;\"><div class=\"fusion-column-wrapper fusion-column-has-shadow fusion-flex-justify-content-flex-start fusion-content-layout-column\"><div class=\"fusion-image-element\" style=\"text-align:center;--awb-max-width:60px;--awb-caption-title-font-family:var(--h2_typography-font-family);--awb-caption-title-font-weight:var(--h2_typography-font-weight);--awb-caption-title-font-style:var(--h2_typography-font-style);--awb-caption-title-size:var(--h2_typography-font-size);--awb-caption-title-transform:var(--h2_typography-text-transform);--awb-caption-title-line-height:var(--h2_typography-line-height);--awb-caption-title-letter-spacing:var(--h2_typography-letter-spacing);\"><span class=\"fusion-imageframe imageframe-none imageframe-2 hover-type-none\"><img decoding=\"async\" width=\"794\" height=\"794\" alt=\"Icone Antenne\" title=\"icon6\" src=\"https:\/\/somayar.ma\/wp-content\/uploads\/2024\/06\/icon6.webp\" class=\"img-responsive wp-image-4089\" srcset=\"https:\/\/somayar.ma\/wp-content\/uploads\/2024\/06\/icon6-200x200.webp 200w, https:\/\/somayar.ma\/wp-content\/uploads\/2024\/06\/icon6-400x400.webp 400w, https:\/\/somayar.ma\/wp-content\/uploads\/2024\/06\/icon6-600x600.webp 600w, https:\/\/somayar.ma\/wp-content\/uploads\/2024\/06\/icon6.webp 794w\" sizes=\"(max-width: 850px) 100vw, 400px\" \/><\/span><\/div><div class=\"fusion-text fusion-text-3\" style=\"--awb-content-alignment:center;\"><div class=\"desTitle\">\n<div class=\"desTitle\">\n<h3 class=\"\" style=\"--fontsize: 36; line-height: 1.3;\" data-fontsize=\"36\" data-lineheight=\"46.8px\">GPS<\/h3>\n<\/div>\n<div class=\"desDetail\">Gr\u00e2ce au module et \u00e0 l\u2019antenne GPS int\u00e9gr\u00e9s, la PD485 assure un positionnement pr\u00e9cis en ext\u00e9rieur. Cette fonctionnalit\u00e9, optimis\u00e9e par la technologie de g\u00e9olocalisation d&rsquo;<a href=\"https:\/\/www.hytera.com\/fr\" target=\"_blank\" rel=\"noopener noreferrer\">Hytera<\/a>, permet d\u2019am\u00e9liorer la connaissance de la situation et la s\u00e9curit\u00e9 des agents via les applications de dispatching.<\/div>\n<\/div>\n<\/div><\/div><\/div><div class=\"fusion-layout-column fusion_builder_column fusion-builder-column-3 fusion_builder_column_1_3 1_3 fusion-flex-column\" style=\"--awb-bg-size:cover;--awb-width-large:33.333333333333%;--awb-margin-top-large:0px;--awb-spacing-right-large:5.76%;--awb-margin-bottom-large:20px;--awb-spacing-left-large:5.76%;--awb-width-medium:33.333333333333%;--awb-order-medium:0;--awb-spacing-right-medium:5.76%;--awb-spacing-left-medium:5.76%;--awb-width-small:100%;--awb-order-small:0;--awb-spacing-right-small:1.92%;--awb-spacing-left-small:1.92%;\"><div class=\"fusion-column-wrapper fusion-column-has-shadow fusion-flex-justify-content-flex-start fusion-content-layout-column\"><div class=\"fusion-image-element\" style=\"text-align:center;--awb-max-width:60px;--awb-caption-title-font-family:var(--h2_typography-font-family);--awb-caption-title-font-weight:var(--h2_typography-font-weight);--awb-caption-title-font-style:var(--h2_typography-font-style);--awb-caption-title-size:var(--h2_typography-font-size);--awb-caption-title-transform:var(--h2_typography-text-transform);--awb-caption-title-line-height:var(--h2_typography-line-height);--awb-caption-title-letter-spacing:var(--h2_typography-letter-spacing);\"><span class=\"fusion-imageframe imageframe-none imageframe-3 hover-type-none\"><img decoding=\"async\" width=\"794\" height=\"794\" alt=\"Ic\u00f4ne mode analogique\/numerique\" title=\"icon15\" src=\"https:\/\/somayar.ma\/wp-content\/uploads\/2024\/06\/icon15.webp\" class=\"img-responsive wp-image-4084\" srcset=\"https:\/\/somayar.ma\/wp-content\/uploads\/2024\/06\/icon15-200x200.webp 200w, https:\/\/somayar.ma\/wp-content\/uploads\/2024\/06\/icon15-400x400.webp 400w, https:\/\/somayar.ma\/wp-content\/uploads\/2024\/06\/icon15-600x600.webp 600w, https:\/\/somayar.ma\/wp-content\/uploads\/2024\/06\/icon15.webp 794w\" sizes=\"(max-width: 850px) 100vw, 400px\" \/><\/span><\/div><div class=\"fusion-text fusion-text-4\" style=\"--awb-content-alignment:center;\"><div class=\"desTitle\">\n<div class=\"desTitle\">\n<h3 class=\"\" style=\"--fontsize: 36; line-height: 1.3;\" data-fontsize=\"36\" data-lineheight=\"46.8px\">Analog Compatibility<\/h3>\n<\/div>\n<div class=\"desDetail\">La PD485 prend en charge les modes analogique et num\u00e9rique, permettant une transition progressive vers le num\u00e9rique selon vos besoins. Pour garantir la conformit\u00e9 de votre r\u00e9seau hybride, le param\u00e9trage des canaux doit respecter les attributions de <a href=\"https:\/\/anrt.ma\/\" target=\"_blank\" rel=\"noopener noreferrer\">fr\u00e9quences de l&rsquo;ANRT<\/a> au Maroc.<\/div>\n<\/div>\n<\/div><\/div><\/div><\/div><\/div>","protected":false},"excerpt":{"rendered":"<h2 style=\"font-size: 30px; line-height: 40px; letter-spacing: 0px; margin-bottom: 10px;\" data-fusion-font=\"true\">Professional Digital DMR Two-Way Radio<\/h2>\n<p data-start=\"186\" data-end=\"218\"><b>Portable Digital DMR Walkie-Talkie with GPS<\/b><\/p>\n<p data-start=\"130\" data-end=\"443\">The Hytera PD485 offers a comprehensive set of advanced features, including excellent audio quality, GPS positioning, and both analog and digital compatibility. It is ideal for industries such as manufacturing, facilities management, and education.<\/p>","protected":false},"featured_media":5940,"template":"","meta":[],"product_brand":[187],"product_cat":[292,296,188],"product_tag":[],"class_list":{"0":"post-5939","1":"product","2":"type-product","3":"status-publish","4":"has-post-thumbnail","6":"product_brand-hytera","7":"product_cat-dmr","8":"product_cat-gps","9":"product_cat-talkie-walkie","11":"first","12":"instock","13":"taxable","14":"shipping-taxable","15":"product-type-simple"},"yoast_head":"<!-- This site is optimized with the Yoast SEO Premium plugin v26.7 (Yoast SEO v27.5) - https:\/\/yoast.com\/product\/yoast-seo-premium-wordpress\/ -->\n<title>Hytera PD485 | Radio DMR avec Clavier &amp; OLED - Somayar Maroc<\/title>\n<meta name=\"description\" content=\"Hytera PD485 : radio DMR avec clavier complet, \u00e9cran OLED et GPS. Robuste et performante. Disponible chez Somayar, distributeur officiel Hytera au Maroc !\" \/>\n<meta name=\"robots\" content=\"index, follow, max-snippet:-1, max-image-preview:large, max-video-preview:-1\" \/>\n<link rel=\"canonical\" href=\"https:\/\/somayar.ma\/en\/product\/hytera-pd485\/\" \/>\n<meta property=\"og:locale\" content=\"en_US\" \/>\n<meta property=\"og:type\" content=\"article\" \/>\n<meta property=\"og:title\" content=\"Hytera PD485\" \/>\n<meta property=\"og:description\" content=\"Hytera PD485 : radio DMR avec clavier complet, \u00e9cran OLED et GPS. Robuste et performante. Disponible chez Somayar, distributeur officiel Hytera au Maroc !\" \/>\n<meta property=\"og:url\" content=\"https:\/\/somayar.ma\/en\/product\/hytera-pd485\/\" \/>\n<meta property=\"og:site_name\" content=\"Somayar\" \/>\n<meta property=\"article:publisher\" content=\"https:\/\/www.facebook.com\/SomayarSarl\" \/>\n<meta property=\"article:modified_time\" content=\"2026-02-23T14:39:08+00:00\" \/>\n<meta property=\"og:image\" content=\"https:\/\/somayar.ma\/wp-content\/uploads\/2026\/01\/PD48X-1.webp\" \/>\n\t<meta property=\"og:image:width\" content=\"500\" \/>\n\t<meta property=\"og:image:height\" content=\"500\" \/>\n\t<meta property=\"og:image:type\" content=\"image\/webp\" \/>\n<meta name=\"twitter:card\" content=\"summary_large_image\" \/>\n<meta name=\"twitter:label1\" content=\"Price\" \/>\n\t<meta name=\"twitter:data1\" content=\"\" \/>\n\t<meta name=\"twitter:label2\" content=\"Availability\" \/>\n\t<meta name=\"twitter:data2\" content=\"In stock\" \/>\n<script type=\"application\/ld+json\" class=\"yoast-schema-graph\">{\"@context\":\"https:\\\/\\\/schema.org\",\"@graph\":[{\"@type\":\"WebPage\",\"@id\":\"https:\\\/\\\/somayar.ma\\\/produit\\\/hytera-pd485\\\/\",\"url\":\"https:\\\/\\\/somayar.ma\\\/produit\\\/hytera-pd485\\\/\",\"name\":\"Hytera PD485 | Radio DMR avec Clavier & OLED - Somayar Maroc\",\"isPartOf\":{\"@id\":\"https:\\\/\\\/somayar.ma\\\/#website\"},\"primaryImageOfPage\":{\"@id\":\"https:\\\/\\\/somayar.ma\\\/produit\\\/hytera-pd485\\\/#primaryimage\"},\"image\":{\"@id\":\"https:\\\/\\\/somayar.ma\\\/produit\\\/hytera-pd485\\\/#primaryimage\"},\"thumbnailUrl\":\"https:\\\/\\\/somayar.ma\\\/wp-content\\\/uploads\\\/2026\\\/01\\\/PD48X-1.webp\",\"datePublished\":\"2026-01-06T14:09:45+00:00\",\"dateModified\":\"2026-02-23T14:39:08+00:00\",\"description\":\"Hytera PD485 : radio DMR avec clavier complet, \u00e9cran OLED et GPS. Robuste et performante. Disponible chez Somayar, distributeur officiel Hytera au Maroc !\",\"breadcrumb\":{\"@id\":\"https:\\\/\\\/somayar.ma\\\/produit\\\/hytera-pd485\\\/#breadcrumb\"},\"inLanguage\":\"en-US\",\"potentialAction\":[{\"@type\":\"ReadAction\",\"target\":[\"https:\\\/\\\/somayar.ma\\\/produit\\\/hytera-pd485\\\/\"]}]},{\"@type\":\"ImageObject\",\"inLanguage\":\"en-US\",\"@id\":\"https:\\\/\\\/somayar.ma\\\/produit\\\/hytera-pd485\\\/#primaryimage\",\"url\":\"https:\\\/\\\/somayar.ma\\\/wp-content\\\/uploads\\\/2026\\\/01\\\/PD48X-1.webp\",\"contentUrl\":\"https:\\\/\\\/somayar.ma\\\/wp-content\\\/uploads\\\/2026\\\/01\\\/PD48X-1.webp\",\"width\":500,\"height\":500,\"caption\":\"Radio portable Hytera PD485 DMR avec GPS, offrant audio clair et fiable pour usage professionnel\"},{\"@type\":\"BreadcrumbList\",\"@id\":\"https:\\\/\\\/somayar.ma\\\/produit\\\/hytera-pd485\\\/#breadcrumb\",\"itemListElement\":[{\"@type\":\"ListItem\",\"position\":1,\"name\":\"Accueil\",\"item\":\"https:\\\/\\\/somayar.ma\\\/\"},{\"@type\":\"ListItem\",\"position\":2,\"name\":\"hytera\",\"item\":\"https:\\\/\\\/somayar.ma\\\/hytera\\\/\"},{\"@type\":\"ListItem\",\"position\":3,\"name\":\"Talkie-Walkie\",\"item\":\"https:\\\/\\\/somayar.ma\\\/categorie-produit\\\/talkie-walkie\\\/\"},{\"@type\":\"ListItem\",\"position\":4,\"name\":\"Hytera PD485\"}]},{\"@type\":\"WebSite\",\"@id\":\"https:\\\/\\\/somayar.ma\\\/#website\",\"url\":\"https:\\\/\\\/somayar.ma\\\/\",\"name\":\"Somayar\",\"description\":\"Solutions Technologiques au Maroc depuis 1999\",\"publisher\":{\"@id\":\"https:\\\/\\\/somayar.ma\\\/#organization\"},\"alternateName\":\"Somayar Maroc\",\"potentialAction\":[{\"@type\":\"SearchAction\",\"target\":{\"@type\":\"EntryPoint\",\"urlTemplate\":\"https:\\\/\\\/somayar.ma\\\/?s={search_term_string}\"},\"query-input\":{\"@type\":\"PropertyValueSpecification\",\"valueRequired\":true,\"valueName\":\"search_term_string\"}}],\"inLanguage\":\"en-US\"},{\"@type\":\"Organization\",\"@id\":\"https:\\\/\\\/somayar.ma\\\/#organization\",\"name\":\"Somayar\",\"alternateName\":\"Somayar Maroc\",\"url\":\"https:\\\/\\\/somayar.ma\\\/\",\"logo\":{\"@type\":\"ImageObject\",\"inLanguage\":\"en-US\",\"@id\":\"https:\\\/\\\/somayar.ma\\\/#\\\/schema\\\/logo\\\/image\\\/\",\"url\":\"https:\\\/\\\/somayar.ma\\\/wp-content\\\/uploads\\\/2025\\\/10\\\/Logo-Somayar-25.svg\",\"contentUrl\":\"https:\\\/\\\/somayar.ma\\\/wp-content\\\/uploads\\\/2025\\\/10\\\/Logo-Somayar-25.svg\",\"width\":1600,\"height\":714,\"caption\":\"Somayar\"},\"image\":{\"@id\":\"https:\\\/\\\/somayar.ma\\\/#\\\/schema\\\/logo\\\/image\\\/\"},\"sameAs\":[\"https:\\\/\\\/www.facebook.com\\\/SomayarSarl\",\"https:\\\/\\\/fr.linkedin.com\\\/company\\\/somayar\",\"https:\\\/\\\/www.youtube.com\\\/c\\\/SomayarSarl\"],\"description\":\"Fond\u00e9e en 1999 \u00e0 Temara, Somayar est un int\u00e9grateur technologique marocain certifi\u00e9 ISO 9001:2015, sp\u00e9cialis\u00e9 dans cinq domaines d'expertise compl\u00e9mentaires : billettique et SAEIV pour les r\u00e9seaux de transport public, radiocommunication professionnelle Hytera (DMR, TETRA, ATEX, S\u00e9rie S), syst\u00e8mes d'extinction automatique d'incendie Protecfire, g\u00e9olocalisation GPS et gestion de flotte IoT, et billetterie \u00e9v\u00e9nementielle E-Ticket Pro. Distributeur officiel de Hytera, Protecfire et Hanover Display au Maroc, Somayar a livr\u00e9 plus de 500 projets pour des clients publics et priv\u00e9s \u00e0 travers le Royaume.\",\"email\":\"contact@somayar.ma\",\"telephone\":\"+212537749960\",\"legalName\":\"SOMAYAR SARL\",\"foundingDate\":\"1999-01-01\",\"numberOfEmployees\":{\"@type\":\"QuantitativeValue\",\"minValue\":\"11\",\"maxValue\":\"50\"},\"publishingPrinciples\":\"https:\\\/\\\/somayar.ma\\\/\",\"ownershipFundingInfo\":\"https:\\\/\\\/somayar.ma\\\/a-propos\\\/\"}]}<\/script>\n<meta property=\"product:price:currency\" content=\"MAD\" \/>\n<meta property=\"og:availability\" content=\"instock\" \/>\n<meta property=\"product:availability\" content=\"instock\" \/>\n<meta property=\"product:retailer_item_id\" content=\"sm-hy-pd485\" \/>\n<meta property=\"product:condition\" content=\"new\" \/>\n<!-- \/ Yoast SEO Premium plugin. -->","yoast_head_json":{"title":"Hytera PD485 | Radio DMR avec Clavier & OLED - Somayar Maroc","description":"Hytera PD485 : radio DMR avec clavier complet, \u00e9cran OLED et GPS. Robuste et performante. Disponible chez Somayar, distributeur officiel Hytera au Maroc !","robots":{"index":"index","follow":"follow","max-snippet":"max-snippet:-1","max-image-preview":"max-image-preview:large","max-video-preview":"max-video-preview:-1"},"canonical":"https:\/\/somayar.ma\/en\/product\/hytera-pd485\/","og_locale":"en_US","og_type":"article","og_title":"Hytera PD485","og_description":"Hytera PD485 : radio DMR avec clavier complet, \u00e9cran OLED et GPS. Robuste et performante. Disponible chez Somayar, distributeur officiel Hytera au Maroc !","og_url":"https:\/\/somayar.ma\/en\/product\/hytera-pd485\/","og_site_name":"Somayar","article_publisher":"https:\/\/www.facebook.com\/SomayarSarl","article_modified_time":"2026-02-23T14:39:08+00:00","og_image":[{"width":500,"height":500,"url":"https:\/\/somayar.ma\/wp-content\/uploads\/2026\/01\/PD48X-1.webp","type":"image\/webp"}],"twitter_card":"summary_large_image","twitter_misc":{"Price":"","Availability":"In stock"},"schema":{"@context":"https:\/\/schema.org","@graph":[{"@type":"WebPage","@id":"https:\/\/somayar.ma\/produit\/hytera-pd485\/","url":"https:\/\/somayar.ma\/produit\/hytera-pd485\/","name":"Hytera PD485 | Radio DMR avec Clavier & OLED - Somayar Maroc","isPartOf":{"@id":"https:\/\/somayar.ma\/#website"},"primaryImageOfPage":{"@id":"https:\/\/somayar.ma\/produit\/hytera-pd485\/#primaryimage"},"image":{"@id":"https:\/\/somayar.ma\/produit\/hytera-pd485\/#primaryimage"},"thumbnailUrl":"https:\/\/somayar.ma\/wp-content\/uploads\/2026\/01\/PD48X-1.webp","datePublished":"2026-01-06T14:09:45+00:00","dateModified":"2026-02-23T14:39:08+00:00","description":"Hytera PD485 : radio DMR avec clavier complet, \u00e9cran OLED et GPS. Robuste et performante. Disponible chez Somayar, distributeur officiel Hytera au Maroc !","breadcrumb":{"@id":"https:\/\/somayar.ma\/produit\/hytera-pd485\/#breadcrumb"},"inLanguage":"en-US","potentialAction":[{"@type":"ReadAction","target":["https:\/\/somayar.ma\/produit\/hytera-pd485\/"]}]},{"@type":"ImageObject","inLanguage":"en-US","@id":"https:\/\/somayar.ma\/produit\/hytera-pd485\/#primaryimage","url":"https:\/\/somayar.ma\/wp-content\/uploads\/2026\/01\/PD48X-1.webp","contentUrl":"https:\/\/somayar.ma\/wp-content\/uploads\/2026\/01\/PD48X-1.webp","width":500,"height":500,"caption":"Radio portable Hytera PD485 DMR avec GPS, offrant audio clair et fiable pour usage professionnel"},{"@type":"BreadcrumbList","@id":"https:\/\/somayar.ma\/produit\/hytera-pd485\/#breadcrumb","itemListElement":[{"@type":"ListItem","position":1,"name":"Accueil","item":"https:\/\/somayar.ma\/"},{"@type":"ListItem","position":2,"name":"hytera","item":"https:\/\/somayar.ma\/hytera\/"},{"@type":"ListItem","position":3,"name":"Talkie-Walkie","item":"https:\/\/somayar.ma\/categorie-produit\/talkie-walkie\/"},{"@type":"ListItem","position":4,"name":"Hytera PD485"}]},{"@type":"WebSite","@id":"https:\/\/somayar.ma\/#website","url":"https:\/\/somayar.ma\/","name":"Somayar","description":"Solutions Technologiques au Maroc depuis 1999","publisher":{"@id":"https:\/\/somayar.ma\/#organization"},"alternateName":"Somayar Maroc","potentialAction":[{"@type":"SearchAction","target":{"@type":"EntryPoint","urlTemplate":"https:\/\/somayar.ma\/?s={search_term_string}"},"query-input":{"@type":"PropertyValueSpecification","valueRequired":true,"valueName":"search_term_string"}}],"inLanguage":"en-US"},{"@type":"Organization","@id":"https:\/\/somayar.ma\/#organization","name":"Somayar","alternateName":"Somayar Maroc","url":"https:\/\/somayar.ma\/","logo":{"@type":"ImageObject","inLanguage":"en-US","@id":"https:\/\/somayar.ma\/#\/schema\/logo\/image\/","url":"https:\/\/somayar.ma\/wp-content\/uploads\/2025\/10\/Logo-Somayar-25.svg","contentUrl":"https:\/\/somayar.ma\/wp-content\/uploads\/2025\/10\/Logo-Somayar-25.svg","width":1600,"height":714,"caption":"Somayar"},"image":{"@id":"https:\/\/somayar.ma\/#\/schema\/logo\/image\/"},"sameAs":["https:\/\/www.facebook.com\/SomayarSarl","https:\/\/fr.linkedin.com\/company\/somayar","https:\/\/www.youtube.com\/c\/SomayarSarl"],"description":"Fond\u00e9e en 1999 \u00e0 Temara, Somayar est un int\u00e9grateur technologique marocain certifi\u00e9 ISO 9001:2015, sp\u00e9cialis\u00e9 dans cinq domaines d'expertise compl\u00e9mentaires : billettique et SAEIV pour les r\u00e9seaux de transport public, radiocommunication professionnelle Hytera (DMR, TETRA, ATEX, S\u00e9rie S), syst\u00e8mes d'extinction automatique d'incendie Protecfire, g\u00e9olocalisation GPS et gestion de flotte IoT, et billetterie \u00e9v\u00e9nementielle E-Ticket Pro. Distributeur officiel de Hytera, Protecfire et Hanover Display au Maroc, Somayar a livr\u00e9 plus de 500 projets pour des clients publics et priv\u00e9s \u00e0 travers le Royaume.","email":"contact@somayar.ma","telephone":"+212537749960","legalName":"SOMAYAR SARL","foundingDate":"1999-01-01","numberOfEmployees":{"@type":"QuantitativeValue","minValue":"11","maxValue":"50"},"publishingPrinciples":"https:\/\/somayar.ma\/","ownershipFundingInfo":"https:\/\/somayar.ma\/a-propos\/"}]},"product_price_currency":"MAD","og_availability":"instock","product_availability":"instock","product_retailer_item_id":"sm-hy-pd485","product_condition":"new"},"jetpack_sharing_enabled":true,"_links":{"self":[{"href":"https:\/\/somayar.ma\/en\/wp-json\/wp\/v2\/product\/5939","targetHints":{"allow":["GET"]}}],"collection":[{"href":"https:\/\/somayar.ma\/en\/wp-json\/wp\/v2\/product"}],"about":[{"href":"https:\/\/somayar.ma\/en\/wp-json\/wp\/v2\/types\/product"}],"wp:featuredmedia":[{"embeddable":true,"href":"https:\/\/somayar.ma\/en\/wp-json\/wp\/v2\/media\/5940"}],"wp:attachment":[{"href":"https:\/\/somayar.ma\/en\/wp-json\/wp\/v2\/media?parent=5939"}],"wp:term":[{"taxonomy":"product_brand","embeddable":true,"href":"https:\/\/somayar.ma\/en\/wp-json\/wp\/v2\/product_brand?post=5939"},{"taxonomy":"product_cat","embeddable":true,"href":"https:\/\/somayar.ma\/en\/wp-json\/wp\/v2\/product_cat?post=5939"},{"taxonomy":"product_tag","embeddable":true,"href":"https:\/\/somayar.ma\/en\/wp-json\/wp\/v2\/product_tag?post=5939"}],"curies":[{"name":"wp","href":"https:\/\/api.w.org\/{rel}","templated":true}]}}