{"id":5146,"date":"2024-07-22T00:02:11","date_gmt":"2024-07-21T22:02:11","guid":{"rendered":"https:\/\/somayar.ma\/?page_id=5146"},"modified":"2024-07-22T00:10:44","modified_gmt":"2024-07-21T22:10:44","slug":"how_to_delete_hafilati_account","status":"publish","type":"page","link":"https:\/\/somayar.ma\/en\/how_to_delete_hafilati_account\/","title":{"rendered":"how to delete hafilati account"},"content":{"rendered":"<div class=\"fusion-fullwidth fullwidth-box fusion-builder-row-1 fusion-flex-container nonhundred-percent-fullwidth non-hundred-percent-height-scrolling\" style=\"--awb-border-radius-top-left:0px;--awb-border-radius-top-right:0px;--awb-border-radius-bottom-right:0px;--awb-border-radius-bottom-left:0px;--awb-padding-right-small:20px;--awb-padding-left-small:20px;--awb-flex-wrap:wrap;\" ><div class=\"fusion-builder-row fusion-row fusion-flex-align-items-flex-start fusion-flex-content-wrap\" style=\"max-width:1372.8px;margin-left: calc(-4% \/ 2 );margin-right: calc(-4% \/ 2 );\"><div class=\"fusion-layout-column fusion_builder_column fusion-builder-column-0 fusion_builder_column_1_1 1_1 fusion-flex-column\" style=\"--awb-padding-right-small:0px;--awb-padding-left-small:0px;--awb-bg-blend:overlay;--awb-bg-size:cover;--awb-width-large:100%;--awb-margin-top-large:0px;--awb-spacing-right-large:1.92%;--awb-margin-bottom-large:0px;--awb-spacing-left-large:1.92%;--awb-width-medium:100%;--awb-spacing-right-medium:1.92%;--awb-spacing-left-medium:1.92%;--awb-width-small:100%;--awb-spacing-right-small:0px;--awb-spacing-left-small:0px;\"><div class=\"fusion-column-wrapper fusion-flex-justify-content-flex-start fusion-content-layout-column\"><div class=\"fusion-text fusion-text-1\" style=\"--awb-margin-right:0px;--awb-margin-left:0px;\"><h1 style=\"font-size: 40px;\" data-fusion-font=\"true\">Comment supprimer un compte hafilati<\/h1>\n<p>Nous sommes d\u00e9sol\u00e9s de vous voir partir ! Si vous souhaitez supprimer votre compte, veuillez suivre les \u00e9tapes ci-dessous :<\/p>\n<ol>\n<li>Contactez notre service client : Pour des raisons de s\u00e9curit\u00e9, la suppression de votre compte doit \u00eatre effectu\u00e9e par notre \u00e9quipe d\u00e9di\u00e9e. Veuillez nous contacter via l&rsquo;une des m\u00e9thodes suivantes :<\/li>\n<\/ol>\n<ul>\n<li>Email : envoyez-nous un email \u00e0 [email] avec pour objet \u00ab\u00a0Suppression de compte\u00a0\u00bb.<\/li>\n<li>T\u00e9l\u00e9phone : appelez notre service client au [num\u00e9ro de t\u00e9l\u00e9phone] pendant nos heures d&rsquo;ouverture (du lundi au vendredi, de 9h \u00e0 18h).<\/li>\n<li>Chat en ligne : acc\u00e9dez \u00e0 notre site web et utilisez notre fonction de chat en ligne pour discuter directement avec un repr\u00e9sentant.<\/li>\n<\/ul>\n<ol start=\"2\">\n<li>Informations n\u00e9cessaires : Afin de traiter votre demande rapidement, veuillez inclure les informations suivantes dans votre message ou avoir ces informations pr\u00eates lorsque vous nous appelez :<\/li>\n<\/ol>\n<ul>\n<li>Votre nom complet<\/li>\n<li>L&rsquo;adresse email associ\u00e9e \u00e0 votre compte<\/li>\n<li>La raison de votre demande (optionnel, mais cela nous aide \u00e0 am\u00e9liorer nos services)<\/li>\n<\/ul>\n<ol start=\"3\">\n<li>Confirmation de suppression : Une fois que nous aurons re\u00e7u votre demande, notre \u00e9quipe vous enverra un email de confirmation. La suppression de votre compte sera effectu\u00e9e dans les 48 heures suivant la r\u00e9ception de votre demande.<\/li>\n<\/ol>\n<p>Merci d&rsquo;avoir utilis\u00e9 notre service. Si vous avez des questions ou des pr\u00e9occupations, n&rsquo;h\u00e9sitez pas \u00e0\u00a0nous\u00a0contacter.<\/p>\n<\/div><\/div><\/div><\/div><\/div>","protected":false},"excerpt":{"rendered":"","protected":false},"author":1,"featured_media":0,"parent":0,"menu_order":0,"comment_status":"closed","ping_status":"closed","template":"100-width.php","meta":{"footnotes":""},"class_list":["post-5146","page","type-page","status-publish","hentry"],"yoast_head":"<!-- This site is optimized with the Yoast SEO Premium plugin v26.7 (Yoast SEO v27.1.1) - https:\/\/yoast.com\/product\/yoast-seo-premium-wordpress\/ -->\n<title>how to delete hafilati account | Somayar<\/title>\n<meta name=\"robots\" content=\"index, follow, max-snippet:-1, max-image-preview:large, max-video-preview:-1\" \/>\n<link rel=\"canonical\" href=\"https:\/\/somayar.ma\/en\/how_to_delete_hafilati_account\/\" \/>\n<meta property=\"og:locale\" content=\"en_US\" \/>\n<meta property=\"og:type\" content=\"article\" \/>\n<meta property=\"og:title\" content=\"how to delete hafilati account\" \/>\n<meta property=\"og:url\" content=\"https:\/\/somayar.ma\/en\/how_to_delete_hafilati_account\/\" \/>\n<meta property=\"og:site_name\" content=\"Somayar\" \/>\n<meta property=\"article:publisher\" content=\"https:\/\/www.facebook.com\/SomayarSarl\" \/>\n<meta property=\"article:modified_time\" content=\"2024-07-21T22:10:44+00:00\" \/>\n<meta name=\"twitter:card\" content=\"summary_large_image\" \/>\n<meta name=\"twitter:label1\" content=\"Est. reading time\" \/>\n\t<meta name=\"twitter:data1\" content=\"2 minutes\" \/>\n<script type=\"application\/ld+json\" class=\"yoast-schema-graph\">{\"@context\":\"https:\/\/schema.org\",\"@graph\":[{\"@type\":\"WebPage\",\"@id\":\"https:\/\/somayar.ma\/how_to_delete_hafilati_account\/\",\"url\":\"https:\/\/somayar.ma\/how_to_delete_hafilati_account\/\",\"name\":\"how to delete hafilati account | Somayar\",\"isPartOf\":{\"@id\":\"https:\/\/somayar.ma\/#website\"},\"datePublished\":\"2024-07-21T22:02:11+00:00\",\"dateModified\":\"2024-07-21T22:10:44+00:00\",\"breadcrumb\":{\"@id\":\"https:\/\/somayar.ma\/how_to_delete_hafilati_account\/#breadcrumb\"},\"inLanguage\":\"en-US\",\"potentialAction\":[{\"@type\":\"ReadAction\",\"target\":[\"https:\/\/somayar.ma\/how_to_delete_hafilati_account\/\"]}]},{\"@type\":\"BreadcrumbList\",\"@id\":\"https:\/\/somayar.ma\/how_to_delete_hafilati_account\/#breadcrumb\",\"itemListElement\":[{\"@type\":\"ListItem\",\"position\":1,\"name\":\"Accueil\",\"item\":\"https:\/\/somayar.ma\/\"},{\"@type\":\"ListItem\",\"position\":2,\"name\":\"how to delete hafilati account\"}]},{\"@type\":\"WebSite\",\"@id\":\"https:\/\/somayar.ma\/#website\",\"url\":\"https:\/\/somayar.ma\/\",\"name\":\"Excellence en billettique et syst\u00e8mes de t\u00e9l\u00e9communication\",\"description\":\"\",\"publisher\":{\"@id\":\"https:\/\/somayar.ma\/#organization\"},\"potentialAction\":[{\"@type\":\"SearchAction\",\"target\":{\"@type\":\"EntryPoint\",\"urlTemplate\":\"https:\/\/somayar.ma\/?s={search_term_string}\"},\"query-input\":{\"@type\":\"PropertyValueSpecification\",\"valueRequired\":true,\"valueName\":\"search_term_string\"}}],\"inLanguage\":\"en-US\"},{\"@type\":\"Organization\",\"@id\":\"https:\/\/somayar.ma\/#organization\",\"name\":\"Somayar\",\"url\":\"https:\/\/somayar.ma\/\",\"logo\":{\"@type\":\"ImageObject\",\"inLanguage\":\"en-US\",\"@id\":\"https:\/\/somayar.ma\/#\/schema\/logo\/image\/\",\"url\":\"https:\/\/somayar.ma\/wp-content\/uploads\/2024\/05\/unnamed-529.webp\",\"contentUrl\":\"https:\/\/somayar.ma\/wp-content\/uploads\/2024\/05\/unnamed-529.webp\",\"width\":529,\"height\":236,\"caption\":\"Somayar\"},\"image\":{\"@id\":\"https:\/\/somayar.ma\/#\/schema\/logo\/image\/\"},\"sameAs\":[\"https:\/\/www.facebook.com\/SomayarSarl\",\"https:\/\/fr.linkedin.com\/company\/somayar\",\"https:\/\/www.youtube.com\/c\/SomayarSarl\"],\"description\":\"Somayar.ma est une entreprise sp\u00e9cialis\u00e9e dans les solutions innovantes pour le b\u00e2timent intelligent, la billetterie \u00e9v\u00e9nementielle, l'extinction automatique, la radio t\u00e9l\u00e9communication, et le suivi par GPS gr\u00e2ce \u00e0 des technologies IoT avanc\u00e9es\",\"email\":\"contact@somayar.ma\",\"telephone\":\"+212537749960\",\"foundingDate\":\"1999-01-01\",\"numberOfEmployees\":{\"@type\":\"QuantitativeValue\",\"minValue\":\"11\",\"maxValue\":\"50\"}}]}<\/script>\n<!-- \/ Yoast SEO Premium plugin. -->","yoast_head_json":{"title":"how to delete hafilati account | Somayar","robots":{"index":"index","follow":"follow","max-snippet":"max-snippet:-1","max-image-preview":"max-image-preview:large","max-video-preview":"max-video-preview:-1"},"canonical":"https:\/\/somayar.ma\/en\/how_to_delete_hafilati_account\/","og_locale":"en_US","og_type":"article","og_title":"how to delete hafilati account","og_url":"https:\/\/somayar.ma\/en\/how_to_delete_hafilati_account\/","og_site_name":"Somayar","article_publisher":"https:\/\/www.facebook.com\/SomayarSarl","article_modified_time":"2024-07-21T22:10:44+00:00","twitter_card":"summary_large_image","twitter_misc":{"Est. reading time":"2 minutes"},"schema":{"@context":"https:\/\/schema.org","@graph":[{"@type":"WebPage","@id":"https:\/\/somayar.ma\/how_to_delete_hafilati_account\/","url":"https:\/\/somayar.ma\/how_to_delete_hafilati_account\/","name":"how to delete hafilati account | Somayar","isPartOf":{"@id":"https:\/\/somayar.ma\/#website"},"datePublished":"2024-07-21T22:02:11+00:00","dateModified":"2024-07-21T22:10:44+00:00","breadcrumb":{"@id":"https:\/\/somayar.ma\/how_to_delete_hafilati_account\/#breadcrumb"},"inLanguage":"en-US","potentialAction":[{"@type":"ReadAction","target":["https:\/\/somayar.ma\/how_to_delete_hafilati_account\/"]}]},{"@type":"BreadcrumbList","@id":"https:\/\/somayar.ma\/how_to_delete_hafilati_account\/#breadcrumb","itemListElement":[{"@type":"ListItem","position":1,"name":"Accueil","item":"https:\/\/somayar.ma\/"},{"@type":"ListItem","position":2,"name":"how to delete hafilati account"}]},{"@type":"WebSite","@id":"https:\/\/somayar.ma\/#website","url":"https:\/\/somayar.ma\/","name":"Excellence en billettique et syst\u00e8mes de t\u00e9l\u00e9communication","description":"","publisher":{"@id":"https:\/\/somayar.ma\/#organization"},"potentialAction":[{"@type":"SearchAction","target":{"@type":"EntryPoint","urlTemplate":"https:\/\/somayar.ma\/?s={search_term_string}"},"query-input":{"@type":"PropertyValueSpecification","valueRequired":true,"valueName":"search_term_string"}}],"inLanguage":"en-US"},{"@type":"Organization","@id":"https:\/\/somayar.ma\/#organization","name":"Somayar","url":"https:\/\/somayar.ma\/","logo":{"@type":"ImageObject","inLanguage":"en-US","@id":"https:\/\/somayar.ma\/#\/schema\/logo\/image\/","url":"https:\/\/somayar.ma\/wp-content\/uploads\/2024\/05\/unnamed-529.webp","contentUrl":"https:\/\/somayar.ma\/wp-content\/uploads\/2024\/05\/unnamed-529.webp","width":529,"height":236,"caption":"Somayar"},"image":{"@id":"https:\/\/somayar.ma\/#\/schema\/logo\/image\/"},"sameAs":["https:\/\/www.facebook.com\/SomayarSarl","https:\/\/fr.linkedin.com\/company\/somayar","https:\/\/www.youtube.com\/c\/SomayarSarl"],"description":"Somayar.ma est une entreprise sp\u00e9cialis\u00e9e dans les solutions innovantes pour le b\u00e2timent intelligent, la billetterie \u00e9v\u00e9nementielle, l'extinction automatique, la radio t\u00e9l\u00e9communication, et le suivi par GPS gr\u00e2ce \u00e0 des technologies IoT avanc\u00e9es","email":"contact@somayar.ma","telephone":"+212537749960","foundingDate":"1999-01-01","numberOfEmployees":{"@type":"QuantitativeValue","minValue":"11","maxValue":"50"}}]}},"jetpack_sharing_enabled":true,"_links":{"self":[{"href":"https:\/\/somayar.ma\/en\/wp-json\/wp\/v2\/pages\/5146","targetHints":{"allow":["GET"]}}],"collection":[{"href":"https:\/\/somayar.ma\/en\/wp-json\/wp\/v2\/pages"}],"about":[{"href":"https:\/\/somayar.ma\/en\/wp-json\/wp\/v2\/types\/page"}],"author":[{"embeddable":true,"href":"https:\/\/somayar.ma\/en\/wp-json\/wp\/v2\/users\/1"}],"replies":[{"embeddable":true,"href":"https:\/\/somayar.ma\/en\/wp-json\/wp\/v2\/comments?post=5146"}],"version-history":[{"count":0,"href":"https:\/\/somayar.ma\/en\/wp-json\/wp\/v2\/pages\/5146\/revisions"}],"wp:attachment":[{"href":"https:\/\/somayar.ma\/en\/wp-json\/wp\/v2\/media?parent=5146"}],"curies":[{"name":"wp","href":"https:\/\/api.w.org\/{rel}","templated":true}]}}