{"id":4848,"date":"2024-06-25T17:05:28","date_gmt":"2024-06-25T15:05:28","guid":{"rendered":"https:\/\/somayar.ma\/?page_id=4848"},"modified":"2024-06-26T01:33:56","modified_gmt":"2024-06-25T23:33:56","slug":"politique-de-confidentialite-de-hafilati","status":"publish","type":"page","link":"https:\/\/somayar.ma\/en\/politique-de-confidentialite-de-hafilati\/","title":{"rendered":"politique de confidentialit\u00e9 de Hafilati"},"content":{"rendered":"<div class=\"fusion-fullwidth fullwidth-box fusion-builder-row-1 fusion-flex-container nonhundred-percent-fullwidth non-hundred-percent-height-scrolling\" style=\"--awb-border-radius-top-left:0px;--awb-border-radius-top-right:0px;--awb-border-radius-bottom-right:0px;--awb-border-radius-bottom-left:0px;--awb-padding-right-small:20px;--awb-padding-left-small:20px;--awb-flex-wrap:wrap;\" ><div class=\"fusion-builder-row fusion-row fusion-flex-align-items-flex-start fusion-flex-content-wrap\" style=\"max-width:1372.8px;margin-left: calc(-4% \/ 2 );margin-right: calc(-4% \/ 2 );\"><div class=\"fusion-layout-column fusion_builder_column fusion-builder-column-0 fusion_builder_column_1_1 1_1 fusion-flex-column\" style=\"--awb-padding-right-small:0px;--awb-padding-left-small:0px;--awb-bg-blend:overlay;--awb-bg-size:cover;--awb-width-large:100%;--awb-margin-top-large:0px;--awb-spacing-right-large:1.92%;--awb-margin-bottom-large:0px;--awb-spacing-left-large:1.92%;--awb-width-medium:100%;--awb-spacing-right-medium:1.92%;--awb-spacing-left-medium:1.92%;--awb-width-small:100%;--awb-spacing-right-small:0px;--awb-spacing-left-small:0px;\"><div class=\"fusion-column-wrapper fusion-flex-justify-content-flex-start fusion-content-layout-column\"><div class=\"fusion-text fusion-text-1\" style=\"--awb-margin-right:0px;--awb-margin-left:0px;\"><h1 style=\"font-size: 40px;\" data-fusion-font=\"true\">CONDITIONS GENERALES DE VENTE<\/h1>\n<p><a name=\"_Toc525096581\"><\/a><\/p>\n<ol>\n<li><span style=\"color: #333300;\"><a style=\"color: #333300;\" href=\"#_Toc183422636\"> Pr\u00e9ambule. 1<\/a><\/span><\/li>\n<li><span style=\"color: #333300;\"><a style=\"color: #333300;\" href=\"#_Toc183422637\"> Objet 1<\/a><\/span><\/li>\n<li><span style=\"color: #333300;\"><a style=\"color: #333300;\" href=\"#_Toc183422638\"> D\u00e9finitions. 2<\/a><\/span><\/li>\n<li><span style=\"color: #333300;\"><a style=\"color: #333300;\" href=\"#_Toc183422639\"> Produit 2<\/a><\/span><\/li>\n<li><span style=\"color: #333300;\"><a style=\"color: #333300;\" href=\"#_Toc183422640\"> Passer une commande. 2<\/a><\/span><\/li>\n<li><span style=\"color: #333300;\"><a style=\"color: #333300;\" href=\"#_Toc183422641\"> Prix. 2<\/a><\/span><\/li>\n<li><span style=\"color: #333300;\"><a style=\"color: #333300;\" href=\"#_Toc183422642\"> Ex\u00e9cution de la commande. 3<\/a><\/span><\/li>\n<li><span style=\"color: #333300;\"><a style=\"color: #333300;\" href=\"#_Toc183422643\"> Livraison. 3<\/a><\/span><\/li>\n<li><span style=\"color: #333300;\"><a style=\"color: #333300;\" href=\"#_Toc183422644\"> Mode de paiement 3<\/a><\/span><\/li>\n<li><span style=\"color: #333300;\"><a style=\"color: #333300;\" href=\"#_Toc183422645\"> Confidentialit\u00e9 des donn\u00e9es. 4<\/a><\/span><\/li>\n<li><span style=\"color: #333300;\"><a style=\"color: #333300;\" href=\"#_Toc183422646\"> Annuler une commande. 4<\/a><\/span><\/li>\n<li><span style=\"color: #333300;\"><a style=\"color: #333300;\" href=\"#_Toc183422647\"> Droit de r\u00e9tractation. 4<\/a><\/span><\/li>\n<li><span style=\"color: #333300;\"><a style=\"color: #333300;\" href=\"#_Toc183422648\"> Garantie. 4<\/a><\/span><\/li>\n<li><span style=\"color: #333300;\"><a style=\"color: #333300;\" href=\"#_Toc183422649\"> Preuve des transactions pay\u00e9s par carte bancaire. 5<\/a><\/span><\/li>\n<li><span style=\"color: #333300;\"><a style=\"color: #333300;\" href=\"#_Toc183422650\"> Force majeure. 5<\/a><\/span><\/li>\n<\/ol>\n<h5 class=\"fusion-responsive-typography-calculated\" style=\"--fontsize: 22; line-height: 1.3; --minfontsize: 22;\" data-fontsize=\"22\" data-lineheight=\"28.6px\"><\/h5>\n<p><a name=\"_Toc524433424\"><\/a>AVERTISSEMENT<\/p>\n<p>Vous venez de vous connecter sur l\u2019application mobile 7afilati de la Soci\u00e9t\u00e9 SOMAYAR.<\/p>\n<p>Vous devez lire attentivement les dispositions qui vont suivre car elles constituent un contact \u00e9tablissant les conditions g\u00e9n\u00e9rales des produits et services du catalogue ( ou de la boutique) \u00e9lectronique de la Soci\u00e9t\u00e9 SOMAYAR.<\/p>\n<p>Le \u00ab clic \u00bb que vous ex\u00e9cuterez apr\u00e8s avoir rempli votre bon de commande constitue la validation de votre commande et vaudra acceptation irr\u00e9vocable des pr\u00e9sentes conditions g\u00e9n\u00e9rales.<\/p>\n<p>En cons\u00e9quences, vous ne pouvez commander de produits ou services que si vous acceptez les conditions pr\u00e9vues ci-dessous.<\/p>\n<h3 class=\"fusion-responsive-typography-calculated\" style=\"--fontsize: 36; line-height: 1.3;\" data-fontsize=\"36\" data-lineheight=\"46.8px\"><a name=\"_Toc183422636\"><\/a><a name=\"_Toc525096584\"><\/a>1. Pr\u00e9ambule<\/h3>\n<p>Les conditions g\u00e9n\u00e9rales de vente suivantes r\u00e9gissent l&rsquo;ensemble des transactions \u00e9tablies sur le catalogue web de SOMAYAR. Toute commande pass\u00e9e sur cette application suppose du client son acceptation inconditionnelle et irr\u00e9vocable de ces conditions.<\/p>\n<h3 class=\"fusion-responsive-typography-calculated\" style=\"--fontsize: 36; line-height: 1.3;\" data-fontsize=\"36\" data-lineheight=\"46.8px\"><a name=\"_Toc525096585\"><\/a>2. <a name=\"_Toc183422637\"><\/a>Objet<\/h3>\n<p>Le pr\u00e9sent contrat est un contrat \u00e0 distance qui a pour objet de d\u00e9finir les droits et obligations des parties dans le cadre de la vente des produits de la soci\u00e9t\u00e9 SOMAYAR , sur Internet, par l\u2019interm\u00e9diaire de la plate-forme e.<\/p>\n<p>7afilati un service et une marque d\u00e9pos\u00e9e par SOMAYAR S.A.<\/p>\n<h3 style=\"--fontsize: 44; line-height: 1.4;\">3. <a name=\"_Toc183422638\"><\/a>D\u00e9finitions<\/h3>\n<h2 class=\"fusion-responsive-typography-calculated\" style=\"--fontsize: 44; line-height: 1.4;\" data-fontsize=\"44\" data-lineheight=\"61.6px\"><a name=\"_Toc525096586\"><\/a><\/h2>\n<p>Dans la suite du contrat, chacune des expressions mentionn\u00e9es ci-dessus s\u2019entendra au sens de sa d\u00e9finition, \u00e0 savoir :<\/p>\n<p>\u00b7 \u00ab Contrat \u00e0 distance \u00bb : tout contrat concernant des biens ou services entre la Soci\u00e9t\u00e9 SOMAYAR et un Consommateur dans le cadre d\u2019un syst\u00e8me de vente ou de prestations de service \u00e0 distance organis\u00e9 par la Soci\u00e9t\u00e9 SOMAYAR qui, pour ce contrat, utilise exclusivement le r\u00e9seau Internet jusqu\u2019\u00e0 la conclusion du contrat, y compris la conclusion du contrat elle-m\u00eame.<\/p>\n<p>\u00b7 \u00ab Consommateur \u00bb : toute personne physique qui, dans le pr\u00e9sent contrat, agit \u00e0 des fins qui n\u2019entrent pas dans le cadre de son activit\u00e9 professionnelle.<\/p>\n<p>\u00b7 \u00ab Bon de commande \u00bb : document qui indique les caract\u00e9ristiques des Produits command\u00e9s par le Consommateur et qui doit \u00eatre sign\u00e9 de lui par \u00ab double clic \u00bb pour l\u2019engager.<\/p>\n<p>\u00b7 \u00ab Commande \u00bb : acte par lequel le Consommateur s\u2019engage \u00e0 acheter des Produits et la Soci\u00e9t\u00e9 SOMAYAR \u00e0 les livrer.<\/p>\n<h3 style=\"--fontsize: 44; line-height: 1.4;\">4. <a name=\"_Toc183422639\"><\/a>Produit<\/h3>\n<p>Tous les produits pr\u00e9sents dans le catalogue sont commercialis\u00e9s jusqu&rsquo;\u00e0 \u00e9puisement des stocks.<\/p>\n<p>La soci\u00e9t\u00e9 SOMAYAR se r\u00e9serve le droit de retirer du catalogue un article, et ceci sans pr\u00e9avis, elle ne peut en aucun cas \u00eatre tenu de d\u00e9dommager ou d&rsquo;annuler une commande suite \u00e0 l&rsquo;impossibilit\u00e9 d&rsquo;utiliser le produit achet\u00e9 pour une raison d&rsquo;incompatibilit\u00e9 avec le mat\u00e9riel d\u00e9j\u00e0 poss\u00e9d\u00e9 par l&rsquo;acheteur.<\/p>\n<h3 style=\"--fontsize: 44; line-height: 1.4;\">5. <a name=\"_Toc183422640\"><\/a>Passer une commande<\/h3>\n<h2 class=\"fusion-responsive-typography-calculated\" style=\"--fontsize: 44; line-height: 1.4;\" data-fontsize=\"44\" data-lineheight=\"61.6px\"><a name=\"_Toc525096588\"><\/a><\/h2>\n<p>Apr\u00e8s avoir trouver le ou les produits qui vous int\u00e9resse, cliquer sur le bouton \u2018\u2019commander\u2019\u2019, le produit est alors ajout\u00e9 dans votre bon de commande.<br \/>\nVous pouvez \u00e0 tout instant modifier votre bon de commande et vous pouvez retourner au catalogue en appuyant sur poursuivre les achats.<\/p>\n<p>Lorsque vous avez termin\u00e9 vos achats, valider votre commande en cliquant sur le bouton de commande \u2018\u2019 payer\u2019\u2019.<\/p>\n<p>En cas d\u2019erreur de votre part, au moment de votre saisie sur le bon de commande, nous vous conseillons de nous adresser dans les 24 h une demande d\u2019annulation par e-mail ; Apr\u00e8s annulation de la commande par SOMAYAR, vous pouvez commander \u00e0 nouveau.<\/p>\n<h3 style=\"--fontsize: 44; line-height: 1.4;\">6. <a name=\"_Toc183422641\"><\/a>Prix<\/h3>\n<h2 class=\"fusion-responsive-typography-calculated\" style=\"--fontsize: 44; line-height: 1.4;\" data-fontsize=\"44\" data-lineheight=\"61.6px\"><a name=\"_Toc525096589\"><\/a><\/h2>\n<p>Les prix mentionn\u00e9s sur le catalogue sont indiqu\u00e9s en dirham marocain hors taxe, sont valables au moment de leur consultation par le client et sont ceux en vigueur au moment de la commande.<\/p>\n<p>la TVA est calcul\u00e9e dans le bon de commande en fonction du taux applicable au jour de la commande. Le bon de commande et les transactions se font en DH marocain.<\/p>\n<p>Tout changement du taux sera automatiquement r\u00e9percut\u00e9 sur le prix des produits.<\/p>\n<h3 style=\"--fontsize: 44; line-height: 1.4;\">7. Ex\u00e9cution de la commande<\/h3>\n<h2 class=\"fusion-responsive-typography-calculated\" style=\"--fontsize: 44; line-height: 1.4;\" data-fontsize=\"44\" data-lineheight=\"61.6px\"><a name=\"_Toc525096590\"><\/a><\/h2>\n<p>La commande sera ex\u00e9cut\u00e9e au plus tard dans un d\u00e9lai de 7 jours \u00e0 compter du jour suivant celui o\u00f9 le Consommateur a pass\u00e9 sa commande.<\/p>\n<p>En cas d\u2019indisponibilit\u00e9 du Produit command\u00e9, le Consommateur en sera inform\u00e9 au plus t\u00f4t et aura la possibilit\u00e9 d\u2019annuler sa commande.<\/p>\n<p>Il aura alors l\u2019indisponibilit\u00e9 du Produit command\u00e9, le Consommateur en sera inform\u00e9 au plus t\u00f4t et aura la possibilit\u00e9 d\u2019annuler sa commande.<\/p>\n<p>Il aura alors le choix de demander soit le remboursement des sommes vers\u00e9es dans les trente jours au plus tard de leur versement, soit l\u2019\u00e9change du Produit.<\/p>\n<h3 style=\"--fontsize: 44; line-height: 1.4;\">8. <a name=\"_Toc183422643\"><\/a>Livraison<\/h3>\n<p>La livraison n\u2019est pas assur\u00e9e par SOMAYAR , le client r\u00e9cup\u00e8rera sa marchandise dans l\u2019adresse de livraison indiqu\u00e9 sur son Bon de commande.<\/p>\n<p>Les Produits sont livr\u00e9s \u00e0 l\u2019adresse indiqu\u00e9e par le Consommateur sur le Bon de commande. Le Consommateur est tenu de v\u00e9rifier de l\u2019emballage de la marchandise \u00e0 la livraison et de signaler les dommages dus au transporteur sur le bon de livraison ainsi qu\u2019\u00e0 la Soci\u00e9t\u00e9 SOMAYAR dans un d\u00e9lai d\u2019un jour.<\/p>\n<p>Le Consommateur peut, \u00e0 sa demande, obtenir l\u2019envoi d\u2019une facture \u00e0 l\u2019adresse de livraison en validant l\u2019option pr\u00e9vue \u00e0 cet effet sur le Bon de commande.<\/p>\n<p><strong>Combien co\u00fbte la livraison ?<\/strong><\/p>\n<p>Les frais de transport sont \u00e0 la charge de l&rsquo;acheteur,<br \/>\n&#8211; Au Maroc et \u00e0 l&rsquo;\u00e9tranger, ils sont bas\u00e9s sur les tarifs de POSTE DU MAROC en envoi recommand\u00e9.<br \/>\n&#8211; Nos tarifs s&rsquo;entendent TTC et sont calcul\u00e9s sur la base du poids des produits.<br \/>\n&#8211; Le co\u00fbt du transport de votre livraison est indiqu\u00e9 sur votre facture.<\/p>\n<p>&#8211; Il diminue avec la quantit\u00e9 command\u00e9e. Le mieux est de regrouper vos commandes.<\/p>\n<p><strong>Quels sont les d\u00e9lais de livraison ?<\/strong><\/p>\n<p>Votre commande est exp\u00e9di\u00e9e dans les 48 heures, sous r\u00e9serve de stock disponible, apr\u00e8s la r\u00e9ception de votre r\u00e8glement.<br \/>\nAu Maroc et \u00e0 l&rsquo;\u00e9tranger, les articles vous seront envoy\u00e9s par poste en recommand\u00e9.<br \/>\nLes \u00e9ventuels retards ne sauraient donner lieu ni \u00e0 des dommages et int\u00e9r\u00eats, ni \u00e0 annulation de commande, ni refus de prendre la livraison.<\/p>\n<h3 style=\"--fontsize: 44; line-height: 1.4;\">9. <a name=\"_Toc183422644\"><\/a>Mode de paiement<\/h3>\n<h2 class=\"fusion-responsive-typography-calculated\" style=\"--fontsize: 44; line-height: 1.4;\" data-fontsize=\"44\" data-lineheight=\"61.6px\"><a name=\"_Toc525096591\"><\/a><\/h2>\n<p>Pour r\u00e9gler votre commande, vous choisissez le moyen de paiement parmi ceux propos\u00e9s par SOMAYAR au niveau de la page de paiement.<\/p>\n<p>Dans ce cas, la remise de la transaction pour d\u00e9bit de votre compte est effectu\u00e9e dans la journ\u00e9e qui suit la date de la confirmation de livraison.<\/p>\n<p>Vos paiements sont s\u00e9curis\u00e9s par le Centre Mon\u00e9tique Interbancaire (CMI) qui offre un service de paiement enti\u00e8rement s\u00e9curis\u00e9.<\/p>\n<p>Le Consommateur garantit la Soci\u00e9t\u00e9 SOMAYAR qu\u2019il dispose des autorisations \u00e9ventuellement n\u00e9cessaires pour utiliser le mode de paiement choisi par lui, lors de la validation du Bon de commande.<\/p>\n<p>En cas de paiement par carte bancaire, les dispositions relatives \u00e0 l\u2019utilisation frauduleuse du moyen de paiement pr\u00e9vues dans les conventions conclues entre le Consommateur et l\u2019\u00e9metteur de la carte entre la Soci\u00e9t\u00e9 SOMAYAR et son \u00e9tablissement bancaire s\u2019appliquent.<\/p>\n<h3 style=\"--fontsize: 44; line-height: 1.4;\">10. <a name=\"_Toc183422645\"><\/a>Confidentialit\u00e9 des donn\u00e9es<\/h3>\n<h2 class=\"fusion-responsive-typography-calculated\" style=\"--fontsize: 44; line-height: 1.4;\" data-fontsize=\"44\" data-lineheight=\"61.6px\"><a name=\"_Toc525096592\"><\/a><\/h2>\n<p>Les informations qui vous sont demand\u00e9es sont n\u00e9cessaires au traitement de<br \/>\nvotre commande et elles sont trait\u00e9es de mani\u00e8re confidentielle.<br \/>\nVous disposez d\u2019un droit de rectification relatif aux donn\u00e9es vous concernant.<br \/>\nVous pouvez \u00eatre amen\u00e9s \u00e0 recevoir des publicit\u00e9s de la part de SOMAYAR sauf si vous avez stipul\u00e9 que vous refusiez l\u2019utilisation de vos donn\u00e9es nominatives \u00e0 ses fins.<\/p>\n<h3 style=\"--fontsize: 44; line-height: 1.4;\">11. <a name=\"_Toc183422646\"><\/a>Annuler une commande pay\u00e9 par carte bancaire<\/h3>\n<p>\u2026<\/p>\n<h3 style=\"--fontsize: 44; line-height: 1.4;\">12. Droit de r\u00e9tractation<\/h3>\n<h2 class=\"fusion-responsive-typography-calculated\" style=\"--fontsize: 44; line-height: 1.4;\" data-fontsize=\"44\" data-lineheight=\"61.6px\"><a name=\"_Toc183422647\"><\/a><\/h2>\n<p>A compter de la date de livraison de votre commande, vous disposez d&rsquo;un d\u00e9lais de 7 jours pour faire valoir votre droit de r\u00e9tractation, et \u00eatre int\u00e9gralement rembours\u00e9. Les frais de renvoi des marchandises restant \u00e0 votre charge. Cependant, seules les marchandises retourn\u00e9es en parfait \u00e9tat de revente, compl\u00e8tes et dans leur emballage d&rsquo;origine (non-ouvert) pourront \u00eatre rembours\u00e9es.<\/p>\n<h3 style=\"--fontsize: 44; line-height: 1.4;\">13. <a name=\"_Toc183422648\"><\/a>Garantie<\/h3>\n<p>Tous les produits vendus sur le catalogue sont garantis contre les d\u00e9fauts de fabrication et vice de mati\u00e8re. La dur\u00e9e de cette garantie est d&rsquo;au moins une ann\u00e9e (\u00e0 partir de la date de facture). En cas de retour de mat\u00e9riel s&rsquo;av\u00e9rant non d\u00e9fectueux, des frais de transport et de manutention pourront \u00eatre factur\u00e9s au client.Cette garantie ne couvre pas les dommages r\u00e9sultant d&rsquo;accidents, de mauvaise utilisation ou de n\u00e9gligence.<\/p>\n<h3 style=\"--fontsize: 44; line-height: 1.4;\">14. <a name=\"_Toc183422649\"><\/a>Preuve des transactions pay\u00e9s par carte bancaire<\/h3>\n<p>Les donn\u00e9es enregistr\u00e9es par le CMI sur la plate-forme de paiement pour le compte de SOMAYAR constituent la preuve de l\u2019ensemble des transactions commerciales pass\u00e9es entre vous et la soci\u00e9t\u00e9 SOMAYAR.<\/p>\n<h3 style=\"--fontsize: 44; line-height: 1.4;\">15. Force majeure<\/h3>\n<h2 class=\"fusion-responsive-typography-calculated\" style=\"--fontsize: 44; line-height: 1.4;\" data-fontsize=\"44\" data-lineheight=\"61.6px\"><a name=\"_Toc183422650\"><\/a><\/h2>\n<p>SOMAYAR n\u2019est tenu pour l\u2019ex\u00e9cution de ses obligations que dans la mesure o\u00f9 aucun \u00e9v\u00e9nement de force majeure ne vient les entraver.<\/p>\n<\/div><\/div><\/div><\/div><\/div>","protected":false},"excerpt":{"rendered":"","protected":false},"author":1,"featured_media":0,"parent":0,"menu_order":0,"comment_status":"closed","ping_status":"closed","template":"100-width.php","meta":{"footnotes":""},"class_list":["post-4848","page","type-page","status-publish","hentry"],"yoast_head":"<!-- This site is optimized with the Yoast SEO Premium plugin v26.7 (Yoast SEO v27.4) - https:\/\/yoast.com\/product\/yoast-seo-premium-wordpress\/ -->\n<title>politique de confidentialit\u00e9 de Hafilati | Somayar<\/title>\n<meta name=\"robots\" content=\"index, follow, max-snippet:-1, max-image-preview:large, max-video-preview:-1\" \/>\n<link rel=\"canonical\" href=\"https:\/\/somayar.ma\/en\/politique-de-confidentialite-de-hafilati\/\" \/>\n<meta property=\"og:locale\" content=\"en_US\" \/>\n<meta property=\"og:type\" content=\"article\" \/>\n<meta property=\"og:title\" content=\"politique de confidentialit\u00e9 de Hafilati\" \/>\n<meta property=\"og:url\" content=\"https:\/\/somayar.ma\/en\/politique-de-confidentialite-de-hafilati\/\" \/>\n<meta property=\"og:site_name\" content=\"Somayar\" \/>\n<meta property=\"article:publisher\" content=\"https:\/\/www.facebook.com\/SomayarSarl\" \/>\n<meta property=\"article:modified_time\" content=\"2024-06-25T23:33:56+00:00\" \/>\n<meta name=\"twitter:card\" content=\"summary_large_image\" \/>\n<meta name=\"twitter:label1\" content=\"Est. reading time\" \/>\n\t<meta name=\"twitter:data1\" content=\"8 minutes\" \/>\n<script type=\"application\/ld+json\" class=\"yoast-schema-graph\">{\"@context\":\"https:\\\/\\\/schema.org\",\"@graph\":[{\"@type\":\"WebPage\",\"@id\":\"https:\\\/\\\/somayar.ma\\\/politique-de-confidentialite-de-hafilati\\\/\",\"url\":\"https:\\\/\\\/somayar.ma\\\/politique-de-confidentialite-de-hafilati\\\/\",\"name\":\"politique de confidentialit\u00e9 de Hafilati | Somayar\",\"isPartOf\":{\"@id\":\"https:\\\/\\\/somayar.ma\\\/#website\"},\"datePublished\":\"2024-06-25T15:05:28+00:00\",\"dateModified\":\"2024-06-25T23:33:56+00:00\",\"breadcrumb\":{\"@id\":\"https:\\\/\\\/somayar.ma\\\/politique-de-confidentialite-de-hafilati\\\/#breadcrumb\"},\"inLanguage\":\"en-US\",\"potentialAction\":[{\"@type\":\"ReadAction\",\"target\":[\"https:\\\/\\\/somayar.ma\\\/politique-de-confidentialite-de-hafilati\\\/\"]}]},{\"@type\":\"BreadcrumbList\",\"@id\":\"https:\\\/\\\/somayar.ma\\\/politique-de-confidentialite-de-hafilati\\\/#breadcrumb\",\"itemListElement\":[{\"@type\":\"ListItem\",\"position\":1,\"name\":\"Accueil\",\"item\":\"https:\\\/\\\/somayar.ma\\\/\"},{\"@type\":\"ListItem\",\"position\":2,\"name\":\"politique de confidentialit\u00e9 de Hafilati\"}]},{\"@type\":\"WebSite\",\"@id\":\"https:\\\/\\\/somayar.ma\\\/#website\",\"url\":\"https:\\\/\\\/somayar.ma\\\/\",\"name\":\"Excellence en billettique et syst\u00e8mes de t\u00e9l\u00e9communication\",\"description\":\"\",\"publisher\":{\"@id\":\"https:\\\/\\\/somayar.ma\\\/#organization\"},\"potentialAction\":[{\"@type\":\"SearchAction\",\"target\":{\"@type\":\"EntryPoint\",\"urlTemplate\":\"https:\\\/\\\/somayar.ma\\\/?s={search_term_string}\"},\"query-input\":{\"@type\":\"PropertyValueSpecification\",\"valueRequired\":true,\"valueName\":\"search_term_string\"}}],\"inLanguage\":\"en-US\"},{\"@type\":\"Organization\",\"@id\":\"https:\\\/\\\/somayar.ma\\\/#organization\",\"name\":\"Somayar\",\"url\":\"https:\\\/\\\/somayar.ma\\\/\",\"logo\":{\"@type\":\"ImageObject\",\"inLanguage\":\"en-US\",\"@id\":\"https:\\\/\\\/somayar.ma\\\/#\\\/schema\\\/logo\\\/image\\\/\",\"url\":\"https:\\\/\\\/somayar.ma\\\/wp-content\\\/uploads\\\/2024\\\/05\\\/unnamed-529.webp\",\"contentUrl\":\"https:\\\/\\\/somayar.ma\\\/wp-content\\\/uploads\\\/2024\\\/05\\\/unnamed-529.webp\",\"width\":529,\"height\":236,\"caption\":\"Somayar\"},\"image\":{\"@id\":\"https:\\\/\\\/somayar.ma\\\/#\\\/schema\\\/logo\\\/image\\\/\"},\"sameAs\":[\"https:\\\/\\\/www.facebook.com\\\/SomayarSarl\",\"https:\\\/\\\/fr.linkedin.com\\\/company\\\/somayar\",\"https:\\\/\\\/www.youtube.com\\\/c\\\/SomayarSarl\"],\"description\":\"Somayar.ma est une entreprise sp\u00e9cialis\u00e9e dans les solutions innovantes pour le b\u00e2timent intelligent, la billetterie \u00e9v\u00e9nementielle, l'extinction automatique, la radio t\u00e9l\u00e9communication, et le suivi par GPS gr\u00e2ce \u00e0 des technologies IoT avanc\u00e9es\",\"email\":\"contact@somayar.ma\",\"telephone\":\"+212537749960\",\"foundingDate\":\"1999-01-01\",\"numberOfEmployees\":{\"@type\":\"QuantitativeValue\",\"minValue\":\"11\",\"maxValue\":\"50\"}}]}<\/script>\n<!-- \/ Yoast SEO Premium plugin. -->","yoast_head_json":{"title":"politique de confidentialit\u00e9 de Hafilati | Somayar","robots":{"index":"index","follow":"follow","max-snippet":"max-snippet:-1","max-image-preview":"max-image-preview:large","max-video-preview":"max-video-preview:-1"},"canonical":"https:\/\/somayar.ma\/en\/politique-de-confidentialite-de-hafilati\/","og_locale":"en_US","og_type":"article","og_title":"politique de confidentialit\u00e9 de Hafilati","og_url":"https:\/\/somayar.ma\/en\/politique-de-confidentialite-de-hafilati\/","og_site_name":"Somayar","article_publisher":"https:\/\/www.facebook.com\/SomayarSarl","article_modified_time":"2024-06-25T23:33:56+00:00","twitter_card":"summary_large_image","twitter_misc":{"Est. reading time":"8 minutes"},"schema":{"@context":"https:\/\/schema.org","@graph":[{"@type":"WebPage","@id":"https:\/\/somayar.ma\/politique-de-confidentialite-de-hafilati\/","url":"https:\/\/somayar.ma\/politique-de-confidentialite-de-hafilati\/","name":"politique de confidentialit\u00e9 de Hafilati | Somayar","isPartOf":{"@id":"https:\/\/somayar.ma\/#website"},"datePublished":"2024-06-25T15:05:28+00:00","dateModified":"2024-06-25T23:33:56+00:00","breadcrumb":{"@id":"https:\/\/somayar.ma\/politique-de-confidentialite-de-hafilati\/#breadcrumb"},"inLanguage":"en-US","potentialAction":[{"@type":"ReadAction","target":["https:\/\/somayar.ma\/politique-de-confidentialite-de-hafilati\/"]}]},{"@type":"BreadcrumbList","@id":"https:\/\/somayar.ma\/politique-de-confidentialite-de-hafilati\/#breadcrumb","itemListElement":[{"@type":"ListItem","position":1,"name":"Accueil","item":"https:\/\/somayar.ma\/"},{"@type":"ListItem","position":2,"name":"politique de confidentialit\u00e9 de Hafilati"}]},{"@type":"WebSite","@id":"https:\/\/somayar.ma\/#website","url":"https:\/\/somayar.ma\/","name":"Excellence en billettique et syst\u00e8mes de t\u00e9l\u00e9communication","description":"","publisher":{"@id":"https:\/\/somayar.ma\/#organization"},"potentialAction":[{"@type":"SearchAction","target":{"@type":"EntryPoint","urlTemplate":"https:\/\/somayar.ma\/?s={search_term_string}"},"query-input":{"@type":"PropertyValueSpecification","valueRequired":true,"valueName":"search_term_string"}}],"inLanguage":"en-US"},{"@type":"Organization","@id":"https:\/\/somayar.ma\/#organization","name":"Somayar","url":"https:\/\/somayar.ma\/","logo":{"@type":"ImageObject","inLanguage":"en-US","@id":"https:\/\/somayar.ma\/#\/schema\/logo\/image\/","url":"https:\/\/somayar.ma\/wp-content\/uploads\/2024\/05\/unnamed-529.webp","contentUrl":"https:\/\/somayar.ma\/wp-content\/uploads\/2024\/05\/unnamed-529.webp","width":529,"height":236,"caption":"Somayar"},"image":{"@id":"https:\/\/somayar.ma\/#\/schema\/logo\/image\/"},"sameAs":["https:\/\/www.facebook.com\/SomayarSarl","https:\/\/fr.linkedin.com\/company\/somayar","https:\/\/www.youtube.com\/c\/SomayarSarl"],"description":"Somayar.ma est une entreprise sp\u00e9cialis\u00e9e dans les solutions innovantes pour le b\u00e2timent intelligent, la billetterie \u00e9v\u00e9nementielle, l'extinction automatique, la radio t\u00e9l\u00e9communication, et le suivi par GPS gr\u00e2ce \u00e0 des technologies IoT avanc\u00e9es","email":"contact@somayar.ma","telephone":"+212537749960","foundingDate":"1999-01-01","numberOfEmployees":{"@type":"QuantitativeValue","minValue":"11","maxValue":"50"}}]}},"jetpack_sharing_enabled":true,"_links":{"self":[{"href":"https:\/\/somayar.ma\/en\/wp-json\/wp\/v2\/pages\/4848","targetHints":{"allow":["GET"]}}],"collection":[{"href":"https:\/\/somayar.ma\/en\/wp-json\/wp\/v2\/pages"}],"about":[{"href":"https:\/\/somayar.ma\/en\/wp-json\/wp\/v2\/types\/page"}],"author":[{"embeddable":true,"href":"https:\/\/somayar.ma\/en\/wp-json\/wp\/v2\/users\/1"}],"replies":[{"embeddable":true,"href":"https:\/\/somayar.ma\/en\/wp-json\/wp\/v2\/comments?post=4848"}],"version-history":[{"count":0,"href":"https:\/\/somayar.ma\/en\/wp-json\/wp\/v2\/pages\/4848\/revisions"}],"wp:attachment":[{"href":"https:\/\/somayar.ma\/en\/wp-json\/wp\/v2\/media?parent=4848"}],"curies":[{"name":"wp","href":"https:\/\/api.w.org\/{rel}","templated":true}]}}